{"id":276,"date":"2018-04-30T23:56:42","date_gmt":"2018-04-30T21:56:42","guid":{"rendered":"https:\/\/breizhwinners.com\/?page_id=276"},"modified":"2024-05-05T16:56:33","modified_gmt":"2024-05-05T14:56:33","slug":"breizh-runners","status":"publish","type":"page","link":"https:\/\/breizhwinners.com\/index.php\/breizh-runners\/","title":{"rendered":"Breizh Runners"},"content":{"rendered":"<p>[et_pb_section bb_built=&#8221;1&#8243; admin_label=&#8221;Hero&#8221; _builder_version=&#8221;3.6&#8243; use_background_color_gradient=&#8221;on&#8221; background_color_gradient_start=&#8221;#9e56f9&#8243; background_color_gradient_end=&#8221;#308cff&#8221; background_color_gradient_direction=&#8221;137deg&#8221; custom_padding=&#8221;||0px|&#8221; bottom_divider_style=&#8221;slant&#8221; bottom_divider_color=&#8221;#ffffff&#8221; bottom_divider_height=&#8221;40px&#8221; bottom_divider_flip=&#8221;horizontal&#8221; next_background_color=&#8221;#ffffff&#8221; background_image=&#8221;https:\/\/breizhwinners.com\/wp-content\/uploads\/2018\/07\/DSCF7892-ter.jpg&#8221; parallax=&#8221;on&#8221; module_alignment=&#8221;center&#8221;][et_pb_row _builder_version=&#8221;3.2&#8243; background_size=&#8221;initial&#8221; background_position=&#8221;top_left&#8221; background_repeat=&#8221;repeat&#8221; animation_style=&#8221;zoom&#8221;][et_pb_column type=&#8221;1_3&#8243;][et_pb_image src=&#8221;https:\/\/breizhwinners.com\/wp-content\/uploads\/2018\/04\/BrezhRunners.png&#8221; _builder_version=&#8221;3.2&#8243; align=&#8221;center&#8221;]<\/p>\n<p>&nbsp;<\/p>\n<p>[\/et_pb_image][\/et_pb_column][et_pb_column type=&#8221;2_3&#8243;][et_pb_text admin_label=&#8221;Title&#8221; _builder_version=&#8221;3.11&#8243; text_text_color=&#8221;#000000&#8243; text_text_shadow_horizontal_length=&#8221;-0.11em&#8221; text_text_shadow_vertical_length=&#8221;0.12em&#8221; text_text_shadow_blur_strength=&#8221;0.26em&#8221; header_font=&#8221;Montserrat|500|||||||&#8221; header_text_align=&#8221;center&#8221; header_font_size=&#8221;84px&#8221; header_font_size_tablet=&#8221;50px&#8221; header_font_size_last_edited=&#8221;on|desktop&#8221; header_text_shadow_style=&#8221;preset5&#8243; header_text_shadow_horizontal_length=&#8221;0.03em&#8221; header_text_shadow_vertical_length=&#8221;0.01em&#8221; header_text_shadow_blur_strength=&#8221;0.06em&#8221; header_text_shadow_color=&#8221;#e09900&#8243; animation_direction=&#8221;left&#8221; text_text_shadow_style=&#8221;preset1&#8243; text_text_shadow_color=&#8221;#e09900&#8243; header_text_color=&#8221;#ffffff&#8221;]<\/p>\n<h1><span style=\"color: #b7b7b7;\">Breizh Runners<\/span><\/h1>\n<p>[\/et_pb_text][et_pb_divider color=&#8221;rgba(255,255,255,0.7)&#8221; divider_weight=&#8221;3px&#8221; _builder_version=&#8221;3.11&#8243; module_alignment=&#8221;center&#8221; animation_direction=&#8221;left&#8221;]<\/p>\n<p>&nbsp;<\/p>\n<p>[\/et_pb_divider][\/et_pb_column][\/et_pb_row][et_pb_row custom_margin=&#8221;||40px|&#8221; _builder_version=&#8221;3.2&#8243; use_background_color_gradient=&#8221;on&#8221; background_size=&#8221;initial&#8221; background_position=&#8221;top_left&#8221; background_repeat=&#8221;repeat&#8221; filter_opacity=&#8221;88%&#8221;][et_pb_column type=&#8221;4_4&#8243;][et_pb_text _builder_version=&#8221;3.11&#8243; text_font=&#8221;Montserrat|300|||||||&#8221; text_text_color=&#8221;rgba(255,255,255,0.7)&#8221; text_font_size=&#8221;20px&#8221; text_line_height=&#8221;1.8em&#8221; text_orientation=&#8221;center&#8221; background_layout=&#8221;dark&#8221; max_width=&#8221;700px&#8221; module_alignment=&#8221;center&#8221; animation_style=&#8221;zoom&#8221; animation_direction=&#8221;left&#8221; animation_duration=&#8221;200ms&#8221; animation_delay=&#8221;100ms&#8221; animation_intensity_zoom=&#8221;10%&#8221;]<\/p>\n<h1><span style=\"font-size: small; color: #ffffff;\"><em><strong>RENNES, STADE ROBERT POIRIER, vendredi 01 Septembre 2023<br \/>\n<\/strong><\/em><\/span><\/h1>\n<p>[\/et_pb_text][\/et_pb_column][\/et_pb_row][\/et_pb_section][et_pb_section bb_built=&#8221;1&#8243; admin_label=&#8221;About&#8221; _builder_version=&#8221;3.0.105&#8243; custom_padding=&#8221;5px||90px||false|false&#8221; prev_background_color=&#8221;#000000&#8243; next_background_color=&#8221;#000000&#8243;][et_pb_row custom_padding=&#8221;|||&#8221; custom_margin=&#8221;|||&#8221; _builder_version=&#8221;3.0.105&#8243;][et_pb_column type=&#8221;4_4&#8243;][et_pb_text admin_label=&#8221;Subtitle&#8221; _builder_version=&#8221;3.2&#8243; text_font=&#8221;Montserrat|500||on|||||&#8221; text_text_color=&#8221;rgba(0,0,0,0.25)&#8221; text_orientation=&#8221;center&#8221; animation_style=&#8221;fade&#8221;]<\/p>\n<p>Les activit\u00e9s<\/p>\n<p>[\/et_pb_text][et_pb_text admin_label=&#8221;Title&#8221; _builder_version=&#8221;3.11&#8243; text_font=&#8221;Montserrat|300|||||||&#8221; text_font_size=&#8221;20px&#8221; text_line_height=&#8221;1.8em&#8221; header_2_font=&#8221;Montserrat|500|||||||&#8221; header_2_text_align=&#8221;center&#8221; header_2_font_size=&#8221;30px&#8221; header_2_line_height=&#8221;1.4em&#8221; text_orientation=&#8221;center&#8221; max_width=&#8221;700px&#8221; module_alignment=&#8221;center&#8221; animation_style=&#8221;fade&#8221; animation_direction=&#8221;right&#8221;]<\/p>\n<h1 class=\"listing-hero-title\" data-automation=\"listing-title\">BREIZH RUNNERS 2023<\/h1>\n<p>Une journ\u00e9e riche en activit\u00e9s.<\/p>\n<p>[\/et_pb_text][et_pb_image admin_label=&#8221;Affiche BR 2023&#8243; _builder_version=&#8221;3.11&#8243; src=&#8221;https:\/\/breizhwinners.com\/wp-content\/uploads\/2023\/06\/Affiche-BreizhRunners-2023-A4-copie-1-scaled.jpg&#8221; module_alignment=&#8221;center&#8221; align=&#8221;center&#8221; max_width=&#8221;38%&#8221; \/][et_pb_text _builder_version=&#8221;3.11&#8243; text_orientation=&#8221;justified&#8221;]<\/p>\n<p>Nous sommes heureux de vous inviter \u00e0 notre 10\u00e8me \u00e9dition de Breizh Runners<br \/>\nCette journ\u00e9e aura lieu au Stade d&#8217;athl\u00e9tisme Robert-Poirier \u00e0 Rennes. Au programme:<br \/>\n&#8211; d\u00e9couverte de la course \u00e0 l&#8217;aide de lames et genoux proth\u00e9tiques pr\u00eat\u00e9s par notre fid\u00e8le partenaire, Oss\u00fcr<br \/>\n&#8211; d\u00e9couverte du Basket Fauteuil<br \/>\n&#8211; initiation \u00e0 l&#8217;athl\u00e9tisme<br \/>\n&#8211; repas convivial   <\/p>\n<p>Pour participer \u00e0 cette journ\u00e9e et qu&#8217;elle puisse se d\u00e9rouler dans les meilleurs conditions, l&#8217;inscription est obligatoire (et gratuite). Ces inscriptions nous permettent de nous organiser au mieux et ainsi qu&#8217;on puisse tous profiter un maximum de cette journ\u00e9e ! Vous trouverez le lien un tout petit peu plus bas.  <\/p>\n<p>Venez passer une journ\u00e9e sportive et d\u2019\u00e9change en famille \u00e0 partir de 10h !<\/p>\n<h4>L\u2019\u00e9motion et le plaisir de partager ces moments tous ensemble rendent cet \u00e9v\u00e8nement aussi joyeux qu\u2019incontournable. N\u2019h\u00e9sitez pas \u00e0 la partager autour de vous !!!<\/h4>\n<h4><\/h4>\n<h4 style=\"text-align: right;\">Breizh Winners Team<\/h4>\n<p>[\/et_pb_text][\/et_pb_column][\/et_pb_row][et_pb_row][et_pb_column type=&#8221;4_4&#8243;][et_pb_code admin_label=&#8221;Vid\u00e9o Breizh Runners 2023&#8243; _builder_version=&#8221;3.11&#8243; text_orientation=&#8221;center&#8221;]&lt;div style=&quot;padding:56.25% 0 0 0;position:relative;&quot;&gt;&lt;iframe src=&quot;https:\/\/player.vimeo.com\/video\/927870090?badge=0&amp;amp;autopause=0&amp;amp;player_id=0&amp;amp;app_id=58479&quot; frameborder=&quot;0&quot; allow=&quot;autoplay; fullscreen; picture-in-picture; clipboard-write&quot; style=&quot;position:absolute;top:0;left:0;width:100%;height:100%;&quot; title=&quot;BREIZH RUNNERS 2023&quot;&gt;&lt;\/iframe&gt;&lt;\/div&gt;&lt;script src=&quot;https:\/\/player.vimeo.com\/api\/player.js&quot;&gt;&lt;\/script&gt;[\/et_pb_code][\/et_pb_column][\/et_pb_row][\/et_pb_section][et_pb_section bb_built=&#8221;1&#8243; fullwidth=&#8221;off&#8221; specialty=&#8221;off&#8221; prev_background_color=&#8221;#000000&#8243;][et_pb_row][et_pb_column type=&#8221;1_3&#8243;][et_pb_image _builder_version=&#8221;3.11&#8243; src=&#8221;https:\/\/breizhwinners.com\/wp-content\/uploads\/2018\/12\/DSCF4548.jpg&#8221; animation_style=&#8221;zoom&#8221; \/][\/et_pb_column][et_pb_column type=&#8221;1_3&#8243;][et_pb_button _builder_version=&#8221;3.11&#8243; button_text=&#8221;Photos BREIZH RUNNERS \u00e9dition 2018&#8243; button_url=&#8221;https:\/\/flic.kr\/s\/aHsmrvKMKw&#8221; button_alignment=&#8221;center&#8221; animation_style=&#8221;slide&#8221; \/][\/et_pb_column][et_pb_column type=&#8221;1_3&#8243;][et_pb_image _builder_version=&#8221;3.11&#8243; src=&#8221;https:\/\/breizhwinners.com\/wp-content\/uploads\/2018\/12\/DSCF4551.jpg&#8221; align=&#8221;center&#8221; module_alignment=&#8221;center&#8221; animation_style=&#8221;zoom&#8221; max_width=&#8221;75%&#8221; border_radii=&#8221;|0px|0px|0px|0px&#8221; \/][\/et_pb_column][\/et_pb_row][\/et_pb_section]<\/p>\n","protected":false},"excerpt":{"rendered":"<p>[et_pb_section bb_built=&#8221;1&#8243; admin_label=&#8221;Hero&#8221; _builder_version=&#8221;3.6&#8243; use_background_color_gradient=&#8221;on&#8221; background_color_gradient_start=&#8221;#9e56f9&#8243; background_color_gradient_end=&#8221;#308cff&#8221; background_color_gradient_direction=&#8221;137deg&#8221; custom_padding=&#8221;||0px|&#8221; bottom_divider_style=&#8221;slant&#8221; bottom_divider_color=&#8221;#ffffff&#8221; bottom_divider_height=&#8221;40px&#8221; bottom_divider_flip=&#8221;horizontal&#8221; next_background_color=&#8221;#ffffff&#8221; background_image=&#8221;https:\/\/breizhwinners.com\/wp-content\/uploads\/2018\/07\/DSCF7892-ter.jpg&#8221; parallax=&#8221;on&#8221; module_alignment=&#8221;center&#8221;][et_pb_row _builder_version=&#8221;3.2&#8243; background_size=&#8221;initial&#8221; background_position=&#8221;top_left&#8221; background_repeat=&#8221;repeat&#8221; animation_style=&#8221;zoom&#8221;][et_pb_column type=&#8221;1_3&#8243;][et_pb_image src=&#8221;https:\/\/breizhwinners.com\/wp-content\/uploads\/2018\/04\/BrezhRunners.png&#8221; _builder_version=&#8221;3.2&#8243; align=&#8221;center&#8221;] &nbsp; [\/et_pb_image][\/et_pb_column][et_pb_column type=&#8221;2_3&#8243;][et_pb_text admin_label=&#8221;Title&#8221; _builder_version=&#8221;3.11&#8243; text_text_color=&#8221;#000000&#8243; text_text_shadow_horizontal_length=&#8221;-0.11em&#8221; text_text_shadow_vertical_length=&#8221;0.12em&#8221; text_text_shadow_blur_strength=&#8221;0.26em&#8221; header_font=&#8221;Montserrat|500|||||||&#8221; header_text_align=&#8221;center&#8221; header_font_size=&#8221;84px&#8221; header_font_size_tablet=&#8221;50px&#8221; header_font_size_last_edited=&#8221;on|desktop&#8221; header_text_shadow_style=&#8221;preset5&#8243; header_text_shadow_horizontal_length=&#8221;0.03em&#8221; header_text_shadow_vertical_length=&#8221;0.01em&#8221; header_text_shadow_blur_strength=&#8221;0.06em&#8221; header_text_shadow_color=&#8221;#e09900&#8243; animation_direction=&#8221;left&#8221; text_text_shadow_style=&#8221;preset1&#8243; text_text_shadow_color=&#8221;#e09900&#8243; header_text_color=&#8221;#ffffff&#8221;] Breizh Runners [\/et_pb_text][et_pb_divider color=&#8221;rgba(255,255,255,0.7)&#8221; divider_weight=&#8221;3px&#8221; _builder_version=&#8221;3.11&#8243; [&hellip;]<\/p>\n","protected":false},"author":1,"featured_media":0,"parent":0,"menu_order":0,"comment_status":"closed","ping_status":"closed","template":"","meta":[],"_links":{"self":[{"href":"https:\/\/breizhwinners.com\/index.php\/wp-json\/wp\/v2\/pages\/276"}],"collection":[{"href":"https:\/\/breizhwinners.com\/index.php\/wp-json\/wp\/v2\/pages"}],"about":[{"href":"https:\/\/breizhwinners.com\/index.php\/wp-json\/wp\/v2\/types\/page"}],"author":[{"embeddable":true,"href":"https:\/\/breizhwinners.com\/index.php\/wp-json\/wp\/v2\/users\/1"}],"replies":[{"embeddable":true,"href":"https:\/\/breizhwinners.com\/index.php\/wp-json\/wp\/v2\/comments?post=276"}],"version-history":[{"count":31,"href":"https:\/\/breizhwinners.com\/index.php\/wp-json\/wp\/v2\/pages\/276\/revisions"}],"predecessor-version":[{"id":922,"href":"https:\/\/breizhwinners.com\/index.php\/wp-json\/wp\/v2\/pages\/276\/revisions\/922"}],"wp:attachment":[{"href":"https:\/\/breizhwinners.com\/index.php\/wp-json\/wp\/v2\/media?parent=276"}],"curies":[{"name":"wp","href":"https:\/\/api.w.org\/{rel}","templated":true}]}}