{"id":322,"date":"2018-05-02T22:55:07","date_gmt":"2018-05-02T20:55:07","guid":{"rendered":"https:\/\/breizhwinners.com\/?page_id=322"},"modified":"2022-01-25T10:06:43","modified_gmt":"2022-01-25T09:06:43","slug":"lassociation","status":"publish","type":"page","link":"https:\/\/breizhwinners.com\/index.php\/lassociation\/","title":{"rendered":"L&#8217;association"},"content":{"rendered":"<p>[et_pb_section bb_built=&#8221;1&#8243; _builder_version=&#8221;3.0.47&#8243; next_background_color=&#8221;#000000&#8243;][et_pb_row _builder_version=&#8221;3.0.47&#8243; background_size=&#8221;&quot;initial&quot;&#8221; background_position=&#8221;&quot;top_left&quot;&#8221; background_repeat=&#8221;&quot;repeat&quot;&#8221;][et_pb_column type=&#8221;4_4&#8243;][et_pb_text admin_label=&#8221;Title&#8221; _builder_version=&#8221;3.2&#8243;]<\/p>\n<h1>L&#8217;association<\/h1>\n<p>[\/et_pb_text][et_pb_divider _builder_version=&#8221;3.2&#8243; \/][\/et_pb_column][\/et_pb_row][et_pb_row custom_padding=&#8221;25.25px|0px|91px|0px|false|false&#8221; _builder_version=&#8221;3.2&#8243; background_image=&#8221;https:\/\/breizhwinners.com\/wp-content\/uploads\/2018\/04\/Bandeau-Fond.png&#8221; module_alignment=&#8221;center&#8221;][et_pb_column type=&#8221;1_4&#8243;][\/et_pb_column][et_pb_column type=&#8221;1_2&#8243;][et_pb_image src=&#8221;https:\/\/breizhwinners.com\/wp-content\/uploads\/2018\/04\/LogoBW_Site_BasseDef.png&#8221; _builder_version=&#8221;3.2&#8243; background_color=&#8221;#ffffff&#8221; \/][et_pb_text _builder_version=&#8221;3.11&#8243; background_color=&#8221;#ffffff&#8221; animation_style=&#8221;fade&#8221; custom_margin=&#8221;40px|||&#8221; custom_padding=&#8221;20px|20px|20px|20px&#8221;]<\/p>\n<p>Depuis 2011 d\u00e9j\u00e0, Breizh Surfers, Breizh Runners et Breizh s&#8217;calade \u00e9taient port\u00e9s par les partenaires historiques : Orthofiga, Oss\u00fcr, Adepa, Le camping du Conguel, Handisport et bien d&#8217;autres.<\/p>\n<p>&nbsp;<\/p>\n<p>Nous avons d\u00e9cid\u00e9 d&#8217;ouvrir l&#8217;\u00e9quipe et de cr\u00e9er une association (loi 1901) afin de pouvoir partager avec le plus grand nombre.<br \/>\nC&#8217;est l&#8217;occasion pour des personnes en situation de handicap de s&#8217;impliquer dans l&#8217;organisation et d&#8217;y trouver autant de plaisir que les orthoproth\u00e9sistes fondateurs.<\/p>\n<p>C&#8217;est aussi l&#8217;occasion de faire appel \u00e0 des partenaires et pourquoi pas financer \u00e0 terme ou sponsoriser des Handi-sportifs ?<\/p>\n<p>Depuis la cr\u00e9ation de Breizh Runners, nous avons suscit\u00e9 des vocations et beaucoup de personnes amput\u00e9es se sont tourn\u00e9es vers le sport suite \u00e0 nos journ\u00e9es que ce soit en comp\u00e9tition ou en loisir.<\/p>\n<p>De cette nouvelle \u00e9quipe \u00e9mergera peut \u00eatre de nouvelles activit\u00e9s, qui sait ?<\/p>\n<p>[\/et_pb_text][\/et_pb_column][et_pb_column type=&#8221;1_4&#8243;][\/et_pb_column][\/et_pb_row][\/et_pb_section][et_pb_section bb_built=&#8221;1&#8243; specialty=&#8221;off&#8221; prev_background_color=&#8221;#000000&#8243; _builder_version=&#8221;3.6&#8243;][et_pb_row][et_pb_column type=&#8221;4_4&#8243;][et_pb_button _builder_version=&#8221;3.6&#8243; button_text=&#8221;Pour adh\u00e9rer ou faire un don, c&#8217;est par ici !&#8221; button_url=&#8221;https:\/\/breizhwinners.com\/index.php\/adhesion\/&#8221; button_alignment=&#8221;center&#8221; \/][\/et_pb_column][\/et_pb_row][\/et_pb_section]<\/p>\n","protected":false},"excerpt":{"rendered":"<p>[et_pb_section bb_built=&#8221;1&#8243; _builder_version=&#8221;3.0.47&#8243; next_background_color=&#8221;#000000&#8243;][et_pb_row _builder_version=&#8221;3.0.47&#8243; background_size=&#8221;&quot;initial&quot;&#8221; background_position=&#8221;&quot;top_left&quot;&#8221; background_repeat=&#8221;&quot;repeat&quot;&#8221;][et_pb_column type=&#8221;4_4&#8243;][et_pb_text admin_label=&#8221;Title&#8221; _builder_version=&#8221;3.2&#8243;] L&#8217;association [\/et_pb_text][et_pb_divider _builder_version=&#8221;3.2&#8243; \/][\/et_pb_column][\/et_pb_row][et_pb_row custom_padding=&#8221;25.25px|0px|91px|0px|false|false&#8221; _builder_version=&#8221;3.2&#8243; background_image=&#8221;https:\/\/breizhwinners.com\/wp-content\/uploads\/2018\/04\/Bandeau-Fond.png&#8221; module_alignment=&#8221;center&#8221;][et_pb_column type=&#8221;1_4&#8243;][\/et_pb_column][et_pb_column type=&#8221;1_2&#8243;][et_pb_image src=&#8221;https:\/\/breizhwinners.com\/wp-content\/uploads\/2018\/04\/LogoBW_Site_BasseDef.png&#8221; _builder_version=&#8221;3.2&#8243; background_color=&#8221;#ffffff&#8221; \/][et_pb_text _builder_version=&#8221;3.11&#8243; background_color=&#8221;#ffffff&#8221; animation_style=&#8221;fade&#8221; custom_margin=&#8221;40px|||&#8221; custom_padding=&#8221;20px|20px|20px|20px&#8221;] Depuis 2011 d\u00e9j\u00e0, Breizh Surfers, Breizh Runners et Breizh s&#8217;calade \u00e9taient port\u00e9s par les partenaires historiques : Orthofiga, Oss\u00fcr, Adepa, Le camping du Conguel, Handisport [&hellip;]<\/p>\n","protected":false},"author":1,"featured_media":0,"parent":0,"menu_order":0,"comment_status":"closed","ping_status":"closed","template":"","meta":[],"_links":{"self":[{"href":"https:\/\/breizhwinners.com\/index.php\/wp-json\/wp\/v2\/pages\/322"}],"collection":[{"href":"https:\/\/breizhwinners.com\/index.php\/wp-json\/wp\/v2\/pages"}],"about":[{"href":"https:\/\/breizhwinners.com\/index.php\/wp-json\/wp\/v2\/types\/page"}],"author":[{"embeddable":true,"href":"https:\/\/breizhwinners.com\/index.php\/wp-json\/wp\/v2\/users\/1"}],"replies":[{"embeddable":true,"href":"https:\/\/breizhwinners.com\/index.php\/wp-json\/wp\/v2\/comments?post=322"}],"version-history":[{"count":16,"href":"https:\/\/breizhwinners.com\/index.php\/wp-json\/wp\/v2\/pages\/322\/revisions"}],"predecessor-version":[{"id":897,"href":"https:\/\/breizhwinners.com\/index.php\/wp-json\/wp\/v2\/pages\/322\/revisions\/897"}],"wp:attachment":[{"href":"https:\/\/breizhwinners.com\/index.php\/wp-json\/wp\/v2\/media?parent=322"}],"curies":[{"name":"wp","href":"https:\/\/api.w.org\/{rel}","templated":true}]}}