{"id":343,"date":"2018-05-15T00:05:18","date_gmt":"2018-05-14T22:05:18","guid":{"rendered":"https:\/\/breizhwinners.com\/?page_id=343"},"modified":"2019-09-26T15:55:42","modified_gmt":"2019-09-26T13:55:42","slug":"343-2","status":"publish","type":"page","link":"https:\/\/breizhwinners.com\/index.php\/343-2\/","title":{"rendered":"Contact"},"content":{"rendered":"<p>[et_pb_section bb_built=&#8221;1&#8243; _builder_version=&#8221;3.2&#8243;][et_pb_row _builder_version=&#8221;3.2&#8243;][et_pb_column type=&#8221;4_4&#8243;][et_pb_contact_form email=&#8221;asso.breizhwinners@gmail.com&#8221; title=&#8221;Contact&#8221; success_message=&#8221;Yeah !!!! Votre message a bien \u00e9t\u00e9 envoy\u00e9 ! Nous allons vous r\u00e9pondre&#8230; d\u00e8s que l&#8217;on pourra !&#8221; submit_button_text=&#8221;Exp\u00e9dier&#8221; _builder_version=&#8221;3.11&#8243; module_id=&#8221;et_pb_contact_form_0&#8243;][et_pb_contact_field field_id=&#8221;Nom&#8221; field_title=&#8221;Votre nom, pr\u00e9nom&#8221; _builder_version=&#8221;3.2&#8243;][\/et_pb_contact_field][et_pb_contact_field field_id=&#8221;Email&#8221; field_title=&#8221;Votre adresse e-mail&#8221; field_type=&#8221;email&#8221; _builder_version=&#8221;3.2&#8243;][\/et_pb_contact_field][et_pb_contact_field field_id=&#8221;Message&#8221; field_title=&#8221;Quel est votre question ? Qu&#8217;avez vous \u00e0 nous dire ?&#8221; field_type=&#8221;text&#8221; fullwidth_field=&#8221;on&#8221; _builder_version=&#8221;3.2&#8243;][\/et_pb_contact_field][\/et_pb_contact_form][\/et_pb_column][\/et_pb_row][\/et_pb_section]<\/p>\n","protected":false},"excerpt":{"rendered":"<p>[et_pb_section bb_built=&#8221;1&#8243; _builder_version=&#8221;3.2&#8243;][et_pb_row _builder_version=&#8221;3.2&#8243;][et_pb_column type=&#8221;4_4&#8243;][et_pb_contact_form email=&#8221;asso.breizhwinners@gmail.com&#8221; title=&#8221;Contact&#8221; success_message=&#8221;Yeah !!!! Votre message a bien \u00e9t\u00e9 envoy\u00e9 ! Nous allons vous r\u00e9pondre&#8230; d\u00e8s que l&#8217;on pourra !&#8221; submit_button_text=&#8221;Exp\u00e9dier&#8221; _builder_version=&#8221;3.11&#8243; module_id=&#8221;et_pb_contact_form_0&#8243;][et_pb_contact_field field_id=&#8221;Nom&#8221; field_title=&#8221;Votre nom, pr\u00e9nom&#8221; _builder_version=&#8221;3.2&#8243;][\/et_pb_contact_field][et_pb_contact_field field_id=&#8221;Email&#8221; field_title=&#8221;Votre adresse e-mail&#8221; field_type=&#8221;email&#8221; _builder_version=&#8221;3.2&#8243;][\/et_pb_contact_field][et_pb_contact_field field_id=&#8221;Message&#8221; field_title=&#8221;Quel est votre question ? Qu&#8217;avez vous \u00e0 nous dire ?&#8221; field_type=&#8221;text&#8221; fullwidth_field=&#8221;on&#8221; _builder_version=&#8221;3.2&#8243;][\/et_pb_contact_field][\/et_pb_contact_form][\/et_pb_column][\/et_pb_row][\/et_pb_section]<\/p>\n","protected":false},"author":1,"featured_media":0,"parent":0,"menu_order":0,"comment_status":"closed","ping_status":"closed","template":"","meta":[],"_links":{"self":[{"href":"https:\/\/breizhwinners.com\/index.php\/wp-json\/wp\/v2\/pages\/343"}],"collection":[{"href":"https:\/\/breizhwinners.com\/index.php\/wp-json\/wp\/v2\/pages"}],"about":[{"href":"https:\/\/breizhwinners.com\/index.php\/wp-json\/wp\/v2\/types\/page"}],"author":[{"embeddable":true,"href":"https:\/\/breizhwinners.com\/index.php\/wp-json\/wp\/v2\/users\/1"}],"replies":[{"embeddable":true,"href":"https:\/\/breizhwinners.com\/index.php\/wp-json\/wp\/v2\/comments?post=343"}],"version-history":[{"count":8,"href":"https:\/\/breizhwinners.com\/index.php\/wp-json\/wp\/v2\/pages\/343\/revisions"}],"predecessor-version":[{"id":713,"href":"https:\/\/breizhwinners.com\/index.php\/wp-json\/wp\/v2\/pages\/343\/revisions\/713"}],"wp:attachment":[{"href":"https:\/\/breizhwinners.com\/index.php\/wp-json\/wp\/v2\/media?parent=343"}],"curies":[{"name":"wp","href":"https:\/\/api.w.org\/{rel}","templated":true}]}}