{"id":376,"date":"2018-06-14T13:05:33","date_gmt":"2018-06-14T11:05:33","guid":{"rendered":"https:\/\/breizhwinners.com\/?page_id=376"},"modified":"2023-03-19T21:26:32","modified_gmt":"2023-03-19T20:26:32","slug":"breizhscalade","status":"publish","type":"page","link":"https:\/\/breizhwinners.com\/index.php\/breizhscalade\/","title":{"rendered":"Breizh&#8217;Scalade"},"content":{"rendered":"<p>[et_pb_section bb_built=&#8221;1&#8243; admin_label=&#8221;Hero&#8221; _builder_version=&#8221;3.11&#8243; background_color_gradient_start=&#8221;rgba(0,0,0,0.5)&#8221; background_color_gradient_end=&#8221;rgba(0,0,0,0)&#8221; background_color_gradient_overlays_image=&#8221;on&#8221; custom_margin=&#8221;|||&#8221; custom_padding=&#8221;180px||0px|&#8221; bottom_divider_style=&#8221;slant&#8221; bottom_divider_color=&#8221;#ffffff&#8221; bottom_divider_flip=&#8221;horizontal&#8221; animation_style=&#8221;slide&#8221; animation_direction=&#8221;top&#8221; animation_intensity_slide=&#8221;5%&#8221; animation_starting_opacity=&#8221;100%&#8221; next_background_color=&#8221;#000000&#8243; background_size=&#8221;contain&#8221;][et_pb_row custom_padding=&#8221;27px|0px|0px|0px&#8221; _builder_version=&#8221;3.11&#8243; background_size=&#8221;contain&#8221;][et_pb_column type=&#8221;4_4&#8243;][et_pb_image _builder_version=&#8221;3.11&#8243; src=&#8221;https:\/\/breizhwinners.com\/wp-content\/uploads\/2023\/03\/272d60b6-5a41-43af-b9a3-b277d44f3a5d.png&#8221; align=&#8221;center&#8221; animation_style=&#8221;zoom&#8221; \/][\/et_pb_column][\/et_pb_row][\/et_pb_section][et_pb_section bb_built=&#8221;1&#8243; admin_label=&#8221;FAQ&#8221; _builder_version=&#8221;3.0.105&#8243; custom_padding=&#8221;90px|0px|90px|0px&#8221; prev_background_color=&#8221;#000000&#8243;][et_pb_row custom_padding=&#8221;|||&#8221; custom_margin=&#8221;|||&#8221; use_background_color_gradient_1=&#8221;off&#8221; use_background_color_gradient_2=&#8221;on&#8221; background_color_gradient_start_1=&#8221;#ff6a88&#8243; background_color_gradient_start_2=&#8221;#4866ff&#8221; background_color_gradient_end_1=&#8221;#ff99ac&#8221; background_color_gradient_end_2=&#8221;#6fe5f3&#8243; background_color_gradient_direction_1=&#8221;35deg&#8221; background_color_gradient_end_position_1=&#8221;100%&#8221; padding_1_tablet=&#8221;|0px||&#8221; _builder_version=&#8221;3.0.105&#8243; module_alignment=&#8221;center&#8221; custom_margin_tablet=&#8221;0px|||&#8221; custom_margin_phone=&#8221;0px|||&#8221; custom_margin_last_edited=&#8221;off|desktop&#8221; background_position=&#8221;top_left&#8221; background_repeat=&#8221;repeat&#8221; background_size=&#8221;initial&#8221;][et_pb_column type=&#8221;4_4&#8243;][et_pb_text admin_label=&#8221;Title&#8221; _builder_version=&#8221;3.11&#8243; text_font=&#8221;Montserrat|300|||||||&#8221; text_font_size=&#8221;20px&#8221; text_line_height=&#8221;1.8em&#8221; header_2_font=&#8221;Montserrat|500|||||||&#8221; header_2_text_align=&#8221;center&#8221; header_2_font_size=&#8221;30px&#8221; header_2_line_height=&#8221;1.4em&#8221; text_orientation=&#8221;center&#8221; max_width=&#8221;700px&#8221; module_alignment=&#8221;center&#8221; animation_style=&#8221;fade&#8221; animation_direction=&#8221;right&#8221;]<\/p>\n<h2 style=\"text-align: center;\">Apr\u00e8s quelques ann\u00e9es d\u2019absence,<\/h2>\n<h2 style=\"text-align: center;\">Breizh Scalade revient !<\/h2>\n<p>[\/et_pb_text][et_pb_text admin_label=&#8221;Subtitle&#8221; _builder_version=&#8221;3.11&#8243; text_font=&#8221;Montserrat|500||on|||||&#8221; text_text_color=&#8221;rgba(0,0,0,0.25)&#8221; animation_direction=&#8221;right&#8221;]<\/p>\n<p>4 \u00e8me \u00e9dition<\/p>\n<p>[\/et_pb_text][et_pb_text admin_label=&#8221;Title&#8221; _builder_version=&#8221;3.11&#8243; header_2_font=&#8221;Montserrat|500|||||||&#8221; header_2_font_size=&#8221;30px&#8221; header_2_line_height=&#8221;1.4em&#8221; animation_style=&#8221;fade&#8221; animation_direction=&#8221;right&#8221; animation_starting_opacity=&#8221;100%&#8221;]<\/p>\n<h2>Breizh Scalade \u00e0 Quimperl\u00e9 (Finist\u00e8re)<\/h2>\n<p>[\/et_pb_text][et_pb_divider color=&#8221;&quot;#4866ff&quot;&#8221; show_divider=&#8221;&quot;on&quot;&#8221; divider_weight=&#8221;3px&#8221; _builder_version=&#8221;&quot;3.0.105&quot;&#8221; max_width=&#8221;80px&#8221; animation_style=&#8221;slide&#8221; animation_direction=&#8221;right&#8221; animation_intensity_slide=&#8221;5%&#8221; animation_starting_opacity=&#8221;100%&#8221; \/][\/et_pb_column][\/et_pb_row][et_pb_row][et_pb_column type=&#8221;1_3&#8243;][et_pb_image _builder_version=&#8221;3.11&#8243; src=&#8221;https:\/\/breizhwinners.com\/wp-content\/uploads\/2019\/12\/IMG_9527.jpg&#8221; \/][\/et_pb_column][et_pb_column type=&#8221;2_3&#8243;][et_pb_text _builder_version=&#8221;3.11&#8243; text_font_size=&#8221;17px&#8221; text_orientation=&#8221;justified&#8221;]<\/p>\n<p>Breizh Winners est heureux de vous retrouver pour le premier \u00e9v\u00e8nement de cette ann\u00e9e dans le Finist\u00e8re : Le dimanche 2 avril 2023 se d\u00e9roulera une Journ\u00e9e BREIZH SCALADE \u00e0 la Salle Omnisports des Cordiers (29). Au cours de cette journ\u00e9e vous pourrez d\u00e9couvrir diff\u00e9rentes activit\u00e9s comme l&#8217;escalade et le Badminton <\/p>\n<p>L&#8217;accueil des participants se fera \u00e0 09h30 puis d\u00e9buterons les diff\u00e9rents ateliers.  <\/p>\n<p>12h00 &#8211; 13h30: repas convivial offert \u00e0 tous les adh\u00e9rents.<\/p>\n<p>13h30: reprise des activit\u00e9s. <\/p>\n<p>On a h\u00e2te de vous retrouver\u2026 <\/p>\n<p>P-S: La salle des Cordiers nous est tr\u00e8s gentiment pr\u00eat\u00e9e par la municipalit\u00e9 de Quimperl\u00e9, pensez \u00e0 apporter des chaussures de sports propres pour acc\u00e9der \u00e0 la salle. Merci beaucoup !<\/p>\n<p>Breizh Winners Team<\/p>\n<p>[\/et_pb_text][\/et_pb_column][\/et_pb_row][et_pb_row][et_pb_column type=&#8221;1_4&#8243;][\/et_pb_column][et_pb_column type=&#8221;1_2&#8243;][et_pb_divider _builder_version=&#8221;3.11&#8243; \/][et_pb_text _builder_version=&#8221;3.11&#8243; text_font_size=&#8221;30px&#8221; text_orientation=&#8221;center&#8221; header_font=&#8221;||on||||||&#8221; header_font_size=&#8221;14px&#8221;]<\/p>\n<p>Pour vous inscrire, c&#8217;est juste en dessous que \u00e7a se passe !<\/p>\n<p>[\/et_pb_text][et_pb_divider _builder_version=&#8221;3.11&#8243; \/][\/et_pb_column][et_pb_column type=&#8221;1_4&#8243;][\/et_pb_column][\/et_pb_row][et_pb_row][et_pb_column type=&#8221;4_4&#8243;][et_pb_code _builder_version=&#8221;3.11&#8243;]&lt;iframe id=&quot;haWidget&quot; allowtransparency=&quot;true&quot; scrolling=&quot;auto&quot; src=&quot;https:\/\/www.helloasso.com\/associations\/association-breizh-winners\/evenements\/breizh-scalade-quimperle-29-le-dimanche-2-avril-2023\/widget&quot; style=&quot;width: 100%; height: 750px; border: none;&quot;&gt;&lt;\/iframe&gt;[\/et_pb_code][\/et_pb_column][\/et_pb_row][\/et_pb_section]<\/p>\n","protected":false},"excerpt":{"rendered":"<p>[et_pb_section bb_built=&#8221;1&#8243; admin_label=&#8221;Hero&#8221; _builder_version=&#8221;3.11&#8243; background_color_gradient_start=&#8221;rgba(0,0,0,0.5)&#8221; background_color_gradient_end=&#8221;rgba(0,0,0,0)&#8221; background_color_gradient_overlays_image=&#8221;on&#8221; custom_margin=&#8221;|||&#8221; custom_padding=&#8221;180px||0px|&#8221; bottom_divider_style=&#8221;slant&#8221; bottom_divider_color=&#8221;#ffffff&#8221; bottom_divider_flip=&#8221;horizontal&#8221; animation_style=&#8221;slide&#8221; animation_direction=&#8221;top&#8221; animation_intensity_slide=&#8221;5%&#8221; animation_starting_opacity=&#8221;100%&#8221; next_background_color=&#8221;#000000&#8243; background_size=&#8221;contain&#8221;][et_pb_row custom_padding=&#8221;27px|0px|0px|0px&#8221; _builder_version=&#8221;3.11&#8243; background_size=&#8221;contain&#8221;][et_pb_column type=&#8221;4_4&#8243;][et_pb_image _builder_version=&#8221;3.11&#8243; src=&#8221;https:\/\/breizhwinners.com\/wp-content\/uploads\/2023\/03\/272d60b6-5a41-43af-b9a3-b277d44f3a5d.png&#8221; align=&#8221;center&#8221; animation_style=&#8221;zoom&#8221; \/][\/et_pb_column][\/et_pb_row][\/et_pb_section][et_pb_section bb_built=&#8221;1&#8243; admin_label=&#8221;FAQ&#8221; _builder_version=&#8221;3.0.105&#8243; custom_padding=&#8221;90px|0px|90px|0px&#8221; prev_background_color=&#8221;#000000&#8243;][et_pb_row custom_padding=&#8221;|||&#8221; custom_margin=&#8221;|||&#8221; use_background_color_gradient_1=&#8221;off&#8221; use_background_color_gradient_2=&#8221;on&#8221; background_color_gradient_start_1=&#8221;#ff6a88&#8243; background_color_gradient_start_2=&#8221;#4866ff&#8221; background_color_gradient_end_1=&#8221;#ff99ac&#8221; background_color_gradient_end_2=&#8221;#6fe5f3&#8243; background_color_gradient_direction_1=&#8221;35deg&#8221; background_color_gradient_end_position_1=&#8221;100%&#8221; padding_1_tablet=&#8221;|0px||&#8221; _builder_version=&#8221;3.0.105&#8243; module_alignment=&#8221;center&#8221; custom_margin_tablet=&#8221;0px|||&#8221; custom_margin_phone=&#8221;0px|||&#8221; custom_margin_last_edited=&#8221;off|desktop&#8221; background_position=&#8221;top_left&#8221; background_repeat=&#8221;repeat&#8221; background_size=&#8221;initial&#8221;][et_pb_column type=&#8221;4_4&#8243;][et_pb_text admin_label=&#8221;Title&#8221; _builder_version=&#8221;3.11&#8243; text_font=&#8221;Montserrat|300|||||||&#8221; [&hellip;]<\/p>\n","protected":false},"author":1,"featured_media":0,"parent":0,"menu_order":0,"comment_status":"closed","ping_status":"closed","template":"","meta":[],"_links":{"self":[{"href":"https:\/\/breizhwinners.com\/index.php\/wp-json\/wp\/v2\/pages\/376"}],"collection":[{"href":"https:\/\/breizhwinners.com\/index.php\/wp-json\/wp\/v2\/pages"}],"about":[{"href":"https:\/\/breizhwinners.com\/index.php\/wp-json\/wp\/v2\/types\/page"}],"author":[{"embeddable":true,"href":"https:\/\/breizhwinners.com\/index.php\/wp-json\/wp\/v2\/users\/1"}],"replies":[{"embeddable":true,"href":"https:\/\/breizhwinners.com\/index.php\/wp-json\/wp\/v2\/comments?post=376"}],"version-history":[{"count":11,"href":"https:\/\/breizhwinners.com\/index.php\/wp-json\/wp\/v2\/pages\/376\/revisions"}],"predecessor-version":[{"id":907,"href":"https:\/\/breizhwinners.com\/index.php\/wp-json\/wp\/v2\/pages\/376\/revisions\/907"}],"wp:attachment":[{"href":"https:\/\/breizhwinners.com\/index.php\/wp-json\/wp\/v2\/media?parent=376"}],"curies":[{"name":"wp","href":"https:\/\/api.w.org\/{rel}","templated":true}]}}