{"id":416,"date":"2018-07-02T16:40:24","date_gmt":"2018-07-02T14:40:24","guid":{"rendered":"https:\/\/breizhwinners.com\/?page_id=416"},"modified":"2019-07-22T12:01:59","modified_gmt":"2019-07-22T10:01:59","slug":"adhesion","status":"publish","type":"page","link":"https:\/\/breizhwinners.com\/index.php\/adhesion\/","title":{"rendered":"Adh\u00e9sion et don"},"content":{"rendered":"<p>[et_pb_section bb_built=&#8221;1&#8243; specialty=&#8221;off&#8221; next_background_color=&#8221;#ffffff&#8221; _builder_version=&#8221;3.11&#8243; use_background_color_gradient=&#8221;on&#8221; background_image=&#8221;https:\/\/breizhwinners.com\/wp-content\/uploads\/2019\/04\/breizh-runners-groupe-2018-bis.jpg&#8221; module_alignment=&#8221;center&#8221; parallax=&#8221;on&#8221; max_width=&#8221;86%&#8221;][et_pb_row][et_pb_column type=&#8221;4_4&#8243;][et_pb_divider _builder_version=&#8221;3.11&#8243; \/][et_pb_text _builder_version=&#8221;3.11&#8243; text_orientation=&#8221;center&#8221; background_layout=&#8221;dark&#8221;]<\/p>\n<h1 style=\"text-align: center;\">Adh\u00e9sion et Don<\/h1>\n<p>[\/et_pb_text][et_pb_divider _builder_version=&#8221;3.11&#8243; \/][\/et_pb_column][\/et_pb_row][\/et_pb_section][et_pb_section bb_built=&#8221;1&#8243; fullwidth=&#8221;off&#8221; specialty=&#8221;off&#8221; prev_background_color=&#8221;#000000&#8243; next_background_color=&#8221;#000000&#8243;][et_pb_row][et_pb_column type=&#8221;4_4&#8243;][et_pb_text _builder_version=&#8221;3.6&#8243;]<\/p>\n<h2 style=\"text-align: center;\">Vous avez d\u00e9j\u00e0 particip\u00e9 \u00e0 un \u00e9v\u00e9nement Breizh Winners ou vous souhaitez faire partie du collectif cette ann\u00e9e ?<\/h2>\n<h2 style=\"text-align: center;\">Pourquoi et comment adh\u00e9rer \u00e0 l&#8217;association ?<\/h2>\n<h2 style=\"text-align: center;\">Pour nous rejoindre c&#8217;est tr\u00e8s simple,<\/h2>\n<h2 style=\"text-align: center;\">tout se passe sur le site HelloAsso !<\/h2>\n<p>[\/et_pb_text][et_pb_divider _builder_version=&#8221;3.6&#8243; divider_weight=&#8221;2&#8243; module_alignment=&#8221;center&#8221; max_width=&#8221;53%&#8221; \/][et_pb_text _builder_version=&#8221;3.6&#8243;]<\/p>\n<h4 style=\"text-align: center;\">Breizh Runners, Breizh Surfeur, Breizh Scalad, Baladav\u00e9lo\u2026 \u00a0\u00a0tous ces \u00e9v\u00e8nements auxquels vous avez d\u00e9j\u00e0 pu assister rencontrent un vif succ\u00e8s. Nous avons donc d\u00e9cid\u00e9 de cr\u00e9er une association \u00e0 but non lucratif pour en faciliter la gestion et continuer \u00e0 faire \u00e9merger de nouvelles id\u00e9es avec un objectif commun : partager ensemble toujours plus de bons moments :<\/h4>\n<h3 style=\"text-align: center;\"><strong>Breizh Winners est n\u00e9e<\/strong> !<\/h3>\n<h4 style=\"text-align: center;\">Outre l\u2019organisation de ces journ\u00e9es, nous avons \u00e9galement la volont\u00e9 de r\u00e9cup\u00e9rer des fonds aupr\u00e8s d\u2019entreprises susceptibles de nous aider, afin de participer au financement de mat\u00e9riel pour la pratique Handisport (proth\u00e8ses de course, de ski, fauteuils adapt\u00e9s\u2026).<\/h4>\n<h4 style=\"text-align: center;\">Pour d\u00e9buter ce beau projet associatif, l\u2019assembl\u00e9e constitutive du 19 mars 2018 a d\u00e9sign\u00e9 son bureau : Pr\u00e9sident, Jo\u00ebl Le Tutour, Secr\u00e9taire, Aude Monnerie et Tr\u00e9sorier Lo\u00efc Brugalais. Ils seront second\u00e9s respectivement par Fabien Bayon, Nolwenn Kerjean et Samuel Bourhis.<\/h4>\n<h4 style=\"text-align: center;\">Le montant de l\u2019adh\u00e9sion annuelle a \u00e9t\u00e9 fix\u00e9 \u00e0 5\u20ac avec un tarif d\u00e9gressif pour les familles. Cela vous donnera acc\u00e8s \u00e0 toutes les journ\u00e9es (et surtout couvrira les frais d\u2019assurances obligatoires dans le cadre de nos \u00e9v\u00e8nements).<\/h4>\n<h4 style=\"text-align: center;\">Tous concern\u00e9s, futurs sportifs, \u00e9quipes m\u00e9dicales (m\u00e9decins, kin\u00e9s, orthos), familles, l\u2019association est ouverte \u00e0 tous et sa diversit\u00e9 la rendra plus riche.<\/h4>\n<h4 style=\"text-align: center;\">On compte sur vous tous !<\/h4>\n<p style=\"text-align: right;\">L&#8217;\u00e9quipe de BREIZH WINNERS<\/p>\n<p>[\/et_pb_text][\/et_pb_column][\/et_pb_row][\/et_pb_section][et_pb_section bb_built=&#8221;1&#8243; specialty=&#8221;off&#8221; prev_background_color=&#8221;#ffffff&#8221; _builder_version=&#8221;3.6&#8243; use_background_color_gradient=&#8221;on&#8221;][et_pb_row _builder_version=&#8221;3.6&#8243;][et_pb_column type=&#8221;1_2&#8243;][et_pb_button _builder_version=&#8221;3.6&#8243; button_text=&#8221;Je suis un particulier&#8221; button_url=&#8221;https:\/\/breizhwinners.com\/index.php\/adhesion-et-don-particulier\/&#8221; background_layout=&#8221;dark&#8221; button_alignment=&#8221;center&#8221; \/][\/et_pb_column][et_pb_column type=&#8221;1_2&#8243;][et_pb_button _builder_version=&#8221;3.6&#8243; button_text=&#8221;Je suis entrepreneur &#8221; button_url=&#8221;https:\/\/breizhwinners.com\/index.php\/adhesion-et-don-entreprise\/&#8221; background_layout=&#8221;dark&#8221; button_alignment=&#8221;center&#8221; \/][\/et_pb_column][\/et_pb_row][\/et_pb_section]<\/p>\n","protected":false},"excerpt":{"rendered":"<p>[et_pb_section bb_built=&#8221;1&#8243; specialty=&#8221;off&#8221; next_background_color=&#8221;#ffffff&#8221; _builder_version=&#8221;3.11&#8243; use_background_color_gradient=&#8221;on&#8221; background_image=&#8221;https:\/\/breizhwinners.com\/wp-content\/uploads\/2019\/04\/breizh-runners-groupe-2018-bis.jpg&#8221; module_alignment=&#8221;center&#8221; parallax=&#8221;on&#8221; max_width=&#8221;86%&#8221;][et_pb_row][et_pb_column type=&#8221;4_4&#8243;][et_pb_divider _builder_version=&#8221;3.11&#8243; \/][et_pb_text _builder_version=&#8221;3.11&#8243; text_orientation=&#8221;center&#8221; background_layout=&#8221;dark&#8221;] Adh\u00e9sion et Don [\/et_pb_text][et_pb_divider _builder_version=&#8221;3.11&#8243; \/][\/et_pb_column][\/et_pb_row][\/et_pb_section][et_pb_section bb_built=&#8221;1&#8243; fullwidth=&#8221;off&#8221; specialty=&#8221;off&#8221; prev_background_color=&#8221;#000000&#8243; next_background_color=&#8221;#000000&#8243;][et_pb_row][et_pb_column type=&#8221;4_4&#8243;][et_pb_text _builder_version=&#8221;3.6&#8243;] Vous avez d\u00e9j\u00e0 particip\u00e9 \u00e0 un \u00e9v\u00e9nement Breizh Winners ou vous souhaitez faire partie du collectif cette ann\u00e9e ? Pourquoi et comment adh\u00e9rer \u00e0 l&#8217;association ? [&hellip;]<\/p>\n","protected":false},"author":3,"featured_media":0,"parent":0,"menu_order":0,"comment_status":"closed","ping_status":"closed","template":"","meta":[],"_links":{"self":[{"href":"https:\/\/breizhwinners.com\/index.php\/wp-json\/wp\/v2\/pages\/416"}],"collection":[{"href":"https:\/\/breizhwinners.com\/index.php\/wp-json\/wp\/v2\/pages"}],"about":[{"href":"https:\/\/breizhwinners.com\/index.php\/wp-json\/wp\/v2\/types\/page"}],"author":[{"embeddable":true,"href":"https:\/\/breizhwinners.com\/index.php\/wp-json\/wp\/v2\/users\/3"}],"replies":[{"embeddable":true,"href":"https:\/\/breizhwinners.com\/index.php\/wp-json\/wp\/v2\/comments?post=416"}],"version-history":[{"count":20,"href":"https:\/\/breizhwinners.com\/index.php\/wp-json\/wp\/v2\/pages\/416\/revisions"}],"predecessor-version":[{"id":903,"href":"https:\/\/breizhwinners.com\/index.php\/wp-json\/wp\/v2\/pages\/416\/revisions\/903"}],"wp:attachment":[{"href":"https:\/\/breizhwinners.com\/index.php\/wp-json\/wp\/v2\/media?parent=416"}],"curies":[{"name":"wp","href":"https:\/\/api.w.org\/{rel}","templated":true}]}}