{"id":441,"date":"2018-07-05T10:32:07","date_gmt":"2018-07-05T08:32:07","guid":{"rendered":"https:\/\/breizhwinners.com\/?page_id=441"},"modified":"2023-06-06T09:24:56","modified_gmt":"2023-06-06T07:24:56","slug":"breizh-surfers","status":"publish","type":"page","link":"https:\/\/breizhwinners.com\/index.php\/breizh-surfers\/","title":{"rendered":"Breizh Surfeur"},"content":{"rendered":"<p>[et_pb_section bb_built=&#8221;1&#8243; admin_label=&#8221;Hero&#8221; _builder_version=&#8221;3.2&#8243; use_background_color_gradient=&#8221;on&#8221; background_color_gradient_start=&#8221;#9e56f9&#8243; background_color_gradient_end=&#8221;#308cff&#8221; background_color_gradient_direction=&#8221;137deg&#8221; background_image=&#8221;http:\/\/breizhwinners.com\/wp-content\/uploads\/2018\/04\/IMG_4514-e1525014267811.jpg&#8221; custom_padding=&#8221;90px||0px|&#8221; bottom_divider_style=&#8221;slant&#8221; bottom_divider_color=&#8221;#ffffff&#8221; bottom_divider_height=&#8221;30px&#8221; bottom_divider_flip=&#8221;horizontal&#8221; next_background_color=&#8221;#ffffff&#8221;][et_pb_row _builder_version=&#8221;3.0.47&#8243; background_size=&#8221;&quot;&amp;quot;&amp;amp;quot;initial&amp;amp;quot;&amp;quot;&quot;&#8221; background_position=&#8221;&quot;&amp;quot;&amp;amp;quot;top_left&amp;amp;quot;&amp;quot;&quot;&#8221; background_repeat=&#8221;&quot;&amp;quot;&amp;amp;quot;repeat&amp;amp;quot;&amp;quot;&quot;&#8221;][et_pb_column type=&#8221;1_3&#8243;][et_pb_image src=&#8221;http:\/\/breizhwinners.com\/wp-content\/uploads\/2018\/04\/BreizhSufers.png&#8221; _builder_version=&#8221;3.2&#8243;]<\/p>\n<p>&nbsp;<\/p>\n<p>[\/et_pb_image][\/et_pb_column][et_pb_column type=&#8221;2_3&#8243;][et_pb_text admin_label=&#8221;Title&#8221; _builder_version=&#8221;3.11&#8243; header_font=&#8221;Montserrat|500|||||||&#8221; header_text_align=&#8221;center&#8221; header_font_size=&#8221;84px&#8221; header_font_size_tablet=&#8221;50px&#8221; header_font_size_last_edited=&#8221;on|phone&#8221; header_text_shadow_style=&#8221;preset5&#8243; header_text_shadow_color=&#8221;#0c71c3&#8243; background_layout=&#8221;dark&#8221; animation_direction=&#8221;left&#8221;]<\/p>\n<h1>Breizh Surfeur<\/h1>\n<p>[\/et_pb_text][et_pb_divider color=&#8221;rgba(255,255,255,0.7)&#8221; divider_weight=&#8221;3px&#8221; _builder_version=&#8221;3.11&#8243; module_alignment=&#8221;center&#8221; animation_direction=&#8221;left&#8221;]<\/p>\n<p>&nbsp;<\/p>\n<p>[\/et_pb_divider][\/et_pb_column][\/et_pb_row][et_pb_row custom_margin=&#8221;||40px|&#8221; _builder_version=&#8221;3.2&#8243; use_background_color_gradient=&#8221;on&#8221; background_size=&#8221;initial&#8221; background_position=&#8221;top_left&#8221; background_repeat=&#8221;repeat&#8221; filter_opacity=&#8221;88%&#8221;][et_pb_column type=&#8221;4_4&#8243;][et_pb_text _builder_version=&#8221;3.11&#8243; text_font=&#8221;Montserrat|300|||||||&#8221; text_text_color=&#8221;rgba(255,255,255,0.7)&#8221; text_font_size=&#8221;20px&#8221; text_line_height=&#8221;1.8em&#8221; text_orientation=&#8221;center&#8221; background_layout=&#8221;dark&#8221; max_width=&#8221;700px&#8221; module_alignment=&#8221;center&#8221; animation_style=&#8221;zoom&#8221; animation_direction=&#8221;left&#8221; animation_duration=&#8221;200ms&#8221; animation_delay=&#8221;100ms&#8221; animation_intensity_zoom=&#8221;10%&#8221;]<\/p>\n<h1><span style=\"font-size: small; color: #ffffff;\"><em><strong>GUIDEL (56), Plage de Pen er Malo &#8211; Samedi 01 Juillet 2023.<br \/>\n<\/strong><\/em><\/span><\/h1>\n<p>[\/et_pb_text][\/et_pb_column][\/et_pb_row][\/et_pb_section][et_pb_section bb_built=&#8221;1&#8243; admin_label=&#8221;About&#8221; _builder_version=&#8221;3.0.105&#8243; custom_padding=&#8221;5px||90px||false|false&#8221; prev_background_color=&#8221;#000000&#8243; next_background_color=&#8221;#000000&#8243;][et_pb_row custom_padding=&#8221;|||&#8221; custom_margin=&#8221;|||&#8221; _builder_version=&#8221;3.0.105&#8243;][et_pb_column type=&#8221;4_4&#8243;][et_pb_text admin_label=&#8221;Subtitle&#8221; _builder_version=&#8221;3.11&#8243; text_font=&#8221;Montserrat|500||on|||||&#8221; text_text_color=&#8221;rgba(0,0,0,0.25)&#8221; header_font=&#8221;||||||||&#8221; text_orientation=&#8221;center&#8221; animation_style=&#8221;fade&#8221;]<\/p>\n<p>INfoS utiles<\/p>\n<p>[\/et_pb_text][et_pb_text admin_label=&#8221;Title&#8221; _builder_version=&#8221;3.11&#8243; text_font=&#8221;Montserrat|300|||||||&#8221; text_font_size=&#8221;20px&#8221; text_line_height=&#8221;1.8em&#8221; header_2_font=&#8221;Montserrat|500|||||||&#8221; header_2_text_align=&#8221;center&#8221; header_2_font_size=&#8221;30px&#8221; header_2_line_height=&#8221;1.4em&#8221; text_orientation=&#8221;center&#8221; max_width=&#8221;700px&#8221; module_alignment=&#8221;center&#8221; animation_style=&#8221;fade&#8221; animation_direction=&#8221;right&#8221;]<\/p>\n<h1 class=\"listing-hero-title\" data-automation=\"listing-title\">BREIZH <span style=\"text-decoration: underline;\">SURFEUR<\/span> 2023<\/h1>\n<p>Une journ\u00e9e de d\u00e9couverte de la glisse pour les personnes amput\u00e9es<\/p>\n<p>[\/et_pb_text][et_pb_text _builder_version=&#8221;3.11&#8243; text_orientation=&#8221;justified&#8221;]<\/p>\n<p>La 9\u00e8me \u00e9dition de BREIZH SURFEUR se d\u00e9roulera le samedi 01 JUILLET 2023 sur la plage de Pen er Malo \u00e0 Guidel (56) \u00e0 partir de 09h30. <\/p>\n<p>Nous vous invitons \u00e0 venir participer \u00e0 cette journ\u00e9e de d\u00e9couverte ou red\u00e9couverte des sports nautiques \u00e0 travers le surf. Le Brunch du midi vous est offert par l&#8217;association. <\/p>\n<p>PROGRAMME <\/p>\n<p>9h30 : RDV sur la plage de PEN ER MALO \u00e0 9H30. Accueil Caf\u00e9\/viennoiserie<br \/>\n10h00 Briefing (consigne de s\u00e9curit\u00e9, d\u00e9roulement de la journ\u00e9e)<br \/>\n10H30 Mise \u00e0 l\u2019eau ; session surf jusqu&#8217;\u00e0 14H00<br \/>\n14H00 Brunch offert par votre association pr\u00e9f\u00e9r\u00e9e<br \/>\n16H00 fin de journ\u00e9e<\/p>\n<p>[\/et_pb_text][et_pb_text _builder_version=&#8221;3.11&#8243;]<\/p>\n<p>Cet \u00e9v\u00e8nement est r\u00e9serv\u00e9 aux adh\u00e9rents donc si ce n\u2019est pas encore votre cas, voici le lien:<\/p>\n<p>[\/et_pb_text][et_pb_button _builder_version=&#8221;3.11&#8243; button_text=&#8221;Adh\u00e9sion Breizh Winners&#8221; button_url=&#8221;https:\/\/www.helloasso.com\/associations\/association-breizh-winners\/adhesions\/adhesion-association-breizh-winners-2023&#8243; button_alignment=&#8221;center&#8221; \/][\/et_pb_column][\/et_pb_row][et_pb_row][et_pb_column type=&#8221;4_4&#8243;][et_pb_code _builder_version=&#8221;3.11&#8243;]&lt;iframe id=&quot;haWidget&quot; allowtransparency=&quot;true&quot; scrolling=&quot;auto&quot; src=&quot;https:\/\/www.helloasso.com\/associations\/association-breizh-winners\/evenements\/breizh-surfeur-2023-9eme-edition-2\/widget&quot; style=&quot;width: 100%; height: 750px; border: none;&quot;&gt;&lt;\/iframe&gt;[\/et_pb_code][\/et_pb_column][\/et_pb_row][\/et_pb_section][et_pb_section bb_built=&#8221;1&#8243; admin_label=&#8221;About&#8221; _builder_version=&#8221;3.0.105&#8243; custom_padding=&#8221;5px||90px||false|false&#8221; prev_background_color=&#8221;#000000&#8243; next_background_color=&#8221;#000000&#8243;][et_pb_row custom_padding=&#8221;|||&#8221; custom_margin=&#8221;|||&#8221; _builder_version=&#8221;3.0.105&#8243;][et_pb_column type=&#8221;4_4&#8243;][et_pb_text admin_label=&#8221;Subtitle&#8221; _builder_version=&#8221;3.11&#8243; text_font=&#8221;Montserrat|500||on|||||&#8221; text_text_color=&#8221;rgba(0,0,0,0.25)&#8221; header_font=&#8221;||||||||&#8221; text_orientation=&#8221;center&#8221; animation_style=&#8221;fade&#8221;]<\/p>\n<p>INfoS utiles<\/p>\n<p>[\/et_pb_text][et_pb_text admin_label=&#8221;Title&#8221; _builder_version=&#8221;3.11&#8243; text_font=&#8221;Montserrat|300|||||||&#8221; text_font_size=&#8221;20px&#8221; text_line_height=&#8221;1.8em&#8221; header_2_font=&#8221;Montserrat|500|||||||&#8221; header_2_text_align=&#8221;center&#8221; header_2_font_size=&#8221;30px&#8221; header_2_line_height=&#8221;1.4em&#8221; text_orientation=&#8221;center&#8221; max_width=&#8221;700px&#8221; module_alignment=&#8221;center&#8221; animation_style=&#8221;fade&#8221; animation_direction=&#8221;right&#8221;]<\/p>\n<h1 class=\"listing-hero-title\" data-automation=\"listing-title\">BREIZH <span style=\"text-decoration: underline;\">SURFEUR<\/span> 2019<\/h1>\n<p>Une journ\u00e9e de d\u00e9couverte de la glisse pour les personnes amput\u00e9es<\/p>\n<p>[\/et_pb_text][et_pb_text _builder_version=&#8221;3.11&#8243;]<\/p>\n<p style=\"text-align: center;\">La 8\u00e8me \u00e9dition de BREIZH SURFEUR s&#8217;est d\u00e9roul\u00e9e le samedi 29 juin 2019 sur la plage de Pen er malo \u00e0 Guidel (56).<\/p>\n<p style=\"text-align: center;\">Un grand merci \u00e0 tous pour votre participation \u00e0 cette journ\u00e9e ensoleill\u00e9e, sans trop vagues cette ann\u00e9e il faut bien l&#8217;avouer&#8230; Mais toute l&#8217;\u00e9quipe est ravie d&#8217;avoir partag\u00e9e avec vous ces instants de bonne humeur, d&#8217;entraides, de retrouvailles et de rires !<br \/>\nEncore une belle \u00e9dition en collaboration avec VAGDESPOIR sans qui cette journ\u00e9e ne serait rien!<\/p>\n<p style=\"text-align: center;\">On se donne rendez-vous l&#8217;ann\u00e9e prochaine pour une nouvelle \u00e9dition \u2026<\/p>\n<p style=\"text-align: center;\">\u00c0 tr\u00e8s vite !<\/p>\n<p style=\"text-align: right;\">Breizh Winners Team<\/p>\n<p>[\/et_pb_text][\/et_pb_column][\/et_pb_row][et_pb_row][et_pb_column type=&#8221;4_4&#8243;][et_pb_code _builder_version=&#8221;3.11&#8243;]&lt;iframe src=&quot;https:\/\/player.vimeo.com\/video\/349536713&quot; width=&quot;640&quot; height=&quot;360&quot; frameborder=&quot;0&quot; allow=&quot;autoplay; fullscreen&quot; allowfullscreen&gt;&lt;\/iframe&gt;&lt;!&#8211; [et_pb_line_break_holder] &#8211;&gt;&lt;p&gt;&lt;a href=&quot;https:\/\/vimeo.com\/349536713&quot;&gt;breizh surfeur 2019&lt;\/a&gt; from &lt;a href=&quot;https:\/\/vimeo.com\/user85174456&quot;&gt;breizh winners&lt;\/a&gt; on &lt;a href=&quot;https:\/\/vimeo.com&quot;&gt;Vimeo&lt;\/a&gt;.&lt;\/p&gt;[\/et_pb_code][\/et_pb_column][\/et_pb_row][et_pb_row _builder_version=&#8221;3.11&#8243;][et_pb_column type=&#8221;1_2&#8243;][et_pb_image _builder_version=&#8221;3.11&#8243; src=&#8221;https:\/\/breizhwinners.com\/wp-content\/uploads\/2019\/07\/IMG_0399.jpg&#8221; \/][\/et_pb_column][et_pb_column type=&#8221;1_2&#8243;][et_pb_image _builder_version=&#8221;3.11&#8243; src=&#8221;https:\/\/breizhwinners.com\/wp-content\/uploads\/2019\/07\/IMG_0524.jpg&#8221; \/][\/et_pb_column][\/et_pb_row][et_pb_row][et_pb_column type=&#8221;1_2&#8243;][et_pb_image _builder_version=&#8221;3.11&#8243; src=&#8221;https:\/\/breizhwinners.com\/wp-content\/uploads\/2019\/07\/IMG_0535.jpg&#8221; \/][\/et_pb_column][et_pb_column type=&#8221;1_2&#8243;][et_pb_image _builder_version=&#8221;3.11&#8243; src=&#8221;https:\/\/breizhwinners.com\/wp-content\/uploads\/2019\/07\/IMG_0347.jpg&#8221; \/][\/et_pb_column][\/et_pb_row][et_pb_row][et_pb_column type=&#8221;4_4&#8243;][et_pb_button _builder_version=&#8221;3.11&#8243; button_text=&#8221;Le reste des photos ici&#8221; button_url=&#8221;https:\/\/wetransfer.com\/downloads\/87e254bb2357167192ecc0c89e3e5f2820190701102828\/db6237d5c3619b8b102ebdc2d993da4120190701102828\/fc4382?fbclid=IwAR2n7RDSBDDXJcZ0osk_t3uY-pNVSw1HTY32b2bMq45xyw4ShhmBv0rf-BU&#8221; button_alignment=&#8221;center&#8221; \/][\/et_pb_column][\/et_pb_row][\/et_pb_section][et_pb_section bb_built=&#8221;1&#8243; fullwidth=&#8221;off&#8221; specialty=&#8221;off&#8221; prev_background_color=&#8221;#000000&#8243;][et_pb_row][et_pb_column type=&#8221;4_4&#8243;][et_pb_text admin_label=&#8221;Titre&#8221; _builder_version=&#8221;3.6&#8243;]<\/p>\n<h1 style=\"text-align: center;\">On parle de nous !<\/h1>\n<p>[\/et_pb_text][et_pb_slider _builder_version=&#8221;3.6&#8243;][et_pb_slide _builder_version=&#8221;3.6&#8243; button_text=&#8221;Ouest France le 1er Juillet 2018&#8243; button_link=&#8221;https:\/\/www.ouest-france.fr\/bretagne\/auray-56400\/plouharnel-tous-l-eau-au-dela-du-handicap-5857672&#8243; background_color=&#8221;#7EBEC5&#8243; use_background_color_gradient=&#8221;off&#8221; background_color_gradient_start=&#8221;#2b87da&#8221; background_color_gradient_end=&#8221;#29c4a9&#8243; background_color_gradient_type=&#8221;linear&#8221; background_color_gradient_direction=&#8221;180deg&#8221; background_color_gradient_direction_radial=&#8221;center&#8221; background_color_gradient_start_position=&#8221;0%&#8221; background_color_gradient_end_position=&#8221;100%&#8221; background_color_gradient_overlays_image=&#8221;off&#8221; parallax=&#8221;off&#8221; parallax_method=&#8221;on&#8221; background_size=&#8221;cover&#8221; background_position=&#8221;center&#8221; background_repeat=&#8221;no-repeat&#8221; background_blend=&#8221;normal&#8221; allow_player_pause=&#8221;off&#8221; background_video_pause_outside_viewport=&#8221;on&#8221; use_bg_overlay=&#8221;off&#8221; use_text_overlay=&#8221;off&#8221; text_border_radius=&#8221;3&#8243; alignment=&#8221;center&#8221; child_filter_hue_rotate=&#8221;0deg&#8221; child_filter_saturate=&#8221;100%&#8221; child_filter_brightness=&#8221;100%&#8221; child_filter_contrast=&#8221;100%&#8221; child_filter_invert=&#8221;0%&#8221; child_filter_sepia=&#8221;0%&#8221; child_filter_opacity=&#8221;100%&#8221; child_filter_blur=&#8221;0px&#8221; child_mix_blend_mode=&#8221;normal&#8221; background_layout=&#8221;dark&#8221; text_shadow_style=&#8221;none&#8221; header_text_shadow_style=&#8221;none&#8221; body_text_shadow_style=&#8221;none&#8221; custom_button=&#8221;off&#8221; button_bg_use_color_gradient=&#8221;off&#8221; button_bg_color_gradient_overlays_image=&#8221;off&#8221; button_use_icon=&#8221;on&#8221; button_on_hover=&#8221;on&#8221; button_text_shadow_style=&#8221;none&#8221; box_shadow_style_button=&#8221;none&#8221; image=&#8221;https:\/\/breizhwinners.com\/wp-content\/uploads\/2018\/07\/Capture-1.png&#8221; text_shadow_horizontal_length=&#8221;0em&#8221; text_shadow_vertical_length=&#8221;0em&#8221; text_shadow_blur_strength=&#8221;0em&#8221; header_text_shadow_horizontal_length=&#8221;0em&#8221; header_text_shadow_vertical_length=&#8221;0em&#8221; header_text_shadow_blur_strength=&#8221;0em&#8221; body_text_shadow_horizontal_length=&#8221;0em&#8221; body_text_shadow_vertical_length=&#8221;0em&#8221; body_text_shadow_blur_strength=&#8221;0em&#8221; button_text_shadow_horizontal_length=&#8221;0em&#8221; button_text_shadow_vertical_length=&#8221;0em&#8221; button_text_shadow_blur_strength=&#8221;0em&#8221; admin_title=&#8221;Ouest France 01\/07\/18&#8243; \/][et_pb_slide _builder_version=&#8221;3.6&#8243; button_text=&#8221;Vid\u00e9o par LE TELEGRAMME le 02 Juillet 2018&#8243; button_link=&#8221;https:\/\/www.letelegramme.fr\/soir\/saint-pierre-quiberon-dans-la-vague-plus-de-valides-plus-de-handicapes-il-n-y-a-que-des-surfeurs-02-07-2018-12014606.php&#8221; style=&#8221;%22position:absolute;top:0;left:0;width:100%;height:100%;%22&#8243; allowfullscreen=&#8221;%22true%22&#8243; allow=&#8221;%22autoplay;&#8221; src=&#8221;%22https:\/\/player.myvideoplace.tv\/?v=TELEGRAMME_PAD_010718%22&#8243; background_color=&#8221;#7EBEC5&#8243; use_background_color_gradient=&#8221;off&#8221; background_color_gradient_start=&#8221;#2b87da&#8221; background_color_gradient_end=&#8221;#29c4a9&#8243; background_color_gradient_type=&#8221;linear&#8221; background_color_gradient_direction=&#8221;180deg&#8221; background_color_gradient_direction_radial=&#8221;center&#8221; background_color_gradient_start_position=&#8221;0%&#8221; background_color_gradient_end_position=&#8221;100%&#8221; background_color_gradient_overlays_image=&#8221;off&#8221; parallax=&#8221;off&#8221; parallax_method=&#8221;on&#8221; background_size=&#8221;cover&#8221; background_position=&#8221;center&#8221; background_repeat=&#8221;no-repeat&#8221; background_blend=&#8221;normal&#8221; allow_player_pause=&#8221;off&#8221; background_video_pause_outside_viewport=&#8221;on&#8221; use_bg_overlay=&#8221;off&#8221; use_text_overlay=&#8221;off&#8221; text_border_radius=&#8221;3&#8243; alignment=&#8221;center&#8221; child_filter_hue_rotate=&#8221;0deg&#8221; child_filter_saturate=&#8221;100%&#8221; child_filter_brightness=&#8221;100%&#8221; child_filter_contrast=&#8221;100%&#8221; child_filter_invert=&#8221;0%&#8221; child_filter_sepia=&#8221;0%&#8221; child_filter_opacity=&#8221;100%&#8221; child_filter_blur=&#8221;0px&#8221; child_mix_blend_mode=&#8221;normal&#8221; background_layout=&#8221;dark&#8221; text_shadow_style=&#8221;none&#8221; header_text_shadow_style=&#8221;none&#8221; body_text_shadow_style=&#8221;none&#8221; button_text_shadow_style=&#8221;none&#8221; box_shadow_style_button=&#8221;none&#8221; image=&#8221;https:\/\/breizhwinners.com\/wp-content\/uploads\/2018\/07\/Capture-2.png&#8221; admin_title=&#8221;Vid\u00e9o TELEGRAMME 02\/07\/18&#8243; text_shadow_horizontal_length=&#8221;0em&#8221; text_shadow_vertical_length=&#8221;0em&#8221; text_shadow_blur_strength=&#8221;0em&#8221; header_text_shadow_horizontal_length=&#8221;0em&#8221; header_text_shadow_vertical_length=&#8221;0em&#8221; header_text_shadow_blur_strength=&#8221;0em&#8221; body_text_shadow_horizontal_length=&#8221;0em&#8221; body_text_shadow_vertical_length=&#8221;0em&#8221; body_text_shadow_blur_strength=&#8221;0em&#8221; custom_button=&#8221;off&#8221; button_bg_use_color_gradient=&#8221;off&#8221; button_bg_color_gradient_overlays_image=&#8221;off&#8221; button_use_icon=&#8221;on&#8221; button_on_hover=&#8221;on&#8221; button_text_shadow_horizontal_length=&#8221;0em&#8221; button_text_shadow_vertical_length=&#8221;0em&#8221; button_text_shadow_blur_strength=&#8221;0em&#8221; \/][et_pb_slide _builder_version=&#8221;3.6&#8243; button_text=&#8221;Article du TELEGRAMME le 2 Juillet 2018&#8243; button_link=&#8221;https:\/\/www.letelegramme.fr\/morbihan\/plouharnel\/breizh-surfeur-130-personnes-au-rassemblement-handisurf-02-07-2018-12015274.php&#8221; image=&#8221;https:\/\/breizhwinners.com\/wp-content\/uploads\/2018\/07\/Capture-3.png&#8221; background_color=&#8221;#7EBEC5&#8243; use_background_color_gradient=&#8221;off&#8221; background_color_gradient_start=&#8221;#2b87da&#8221; background_color_gradient_end=&#8221;#29c4a9&#8243; background_color_gradient_type=&#8221;linear&#8221; background_color_gradient_direction=&#8221;180deg&#8221; background_color_gradient_direction_radial=&#8221;center&#8221; background_color_gradient_start_position=&#8221;0%&#8221; background_color_gradient_end_position=&#8221;100%&#8221; background_color_gradient_overlays_image=&#8221;off&#8221; parallax=&#8221;off&#8221; parallax_method=&#8221;on&#8221; background_size=&#8221;cover&#8221; background_position=&#8221;center&#8221; background_repeat=&#8221;no-repeat&#8221; background_blend=&#8221;normal&#8221; allow_player_pause=&#8221;off&#8221; background_video_pause_outside_viewport=&#8221;on&#8221; admin_title=&#8221;Article TELEGRAMME 2\/08\/18&#8243; use_bg_overlay=&#8221;off&#8221; use_text_overlay=&#8221;off&#8221; text_border_radius=&#8221;3&#8243; alignment=&#8221;center&#8221; child_filter_hue_rotate=&#8221;0deg&#8221; child_filter_saturate=&#8221;100%&#8221; child_filter_brightness=&#8221;100%&#8221; child_filter_contrast=&#8221;100%&#8221; child_filter_invert=&#8221;0%&#8221; child_filter_sepia=&#8221;0%&#8221; child_filter_opacity=&#8221;100%&#8221; child_filter_blur=&#8221;0px&#8221; child_mix_blend_mode=&#8221;normal&#8221; background_layout=&#8221;dark&#8221; text_shadow_style=&#8221;none&#8221; header_text_shadow_style=&#8221;none&#8221; body_text_shadow_style=&#8221;none&#8221; custom_button=&#8221;off&#8221; button_bg_use_color_gradient=&#8221;off&#8221; button_bg_color_gradient_overlays_image=&#8221;off&#8221; button_use_icon=&#8221;on&#8221; button_on_hover=&#8221;on&#8221; button_text_shadow_style=&#8221;none&#8221; box_shadow_style_button=&#8221;none&#8221; \/][\/et_pb_slider][\/et_pb_column][\/et_pb_row][\/et_pb_section]<\/p>\n","protected":false},"excerpt":{"rendered":"<p>[et_pb_section bb_built=&#8221;1&#8243; admin_label=&#8221;Hero&#8221; _builder_version=&#8221;3.2&#8243; use_background_color_gradient=&#8221;on&#8221; background_color_gradient_start=&#8221;#9e56f9&#8243; background_color_gradient_end=&#8221;#308cff&#8221; background_color_gradient_direction=&#8221;137deg&#8221; background_image=&#8221;http:\/\/breizhwinners.com\/wp-content\/uploads\/2018\/04\/IMG_4514-e1525014267811.jpg&#8221; custom_padding=&#8221;90px||0px|&#8221; bottom_divider_style=&#8221;slant&#8221; bottom_divider_color=&#8221;#ffffff&#8221; bottom_divider_height=&#8221;30px&#8221; bottom_divider_flip=&#8221;horizontal&#8221; next_background_color=&#8221;#ffffff&#8221;][et_pb_row _builder_version=&#8221;3.0.47&#8243; background_size=&#8221;&quot;&amp;quot;&amp;amp;quot;initial&amp;amp;quot;&amp;quot;&quot;&#8221; background_position=&#8221;&quot;&amp;quot;&amp;amp;quot;top_left&amp;amp;quot;&amp;quot;&quot;&#8221; background_repeat=&#8221;&quot;&amp;quot;&amp;amp;quot;repeat&amp;amp;quot;&amp;quot;&quot;&#8221;][et_pb_column type=&#8221;1_3&#8243;][et_pb_image src=&#8221;http:\/\/breizhwinners.com\/wp-content\/uploads\/2018\/04\/BreizhSufers.png&#8221; _builder_version=&#8221;3.2&#8243;] &nbsp; [\/et_pb_image][\/et_pb_column][et_pb_column type=&#8221;2_3&#8243;][et_pb_text admin_label=&#8221;Title&#8221; _builder_version=&#8221;3.11&#8243; header_font=&#8221;Montserrat|500|||||||&#8221; header_text_align=&#8221;center&#8221; header_font_size=&#8221;84px&#8221; header_font_size_tablet=&#8221;50px&#8221; header_font_size_last_edited=&#8221;on|phone&#8221; header_text_shadow_style=&#8221;preset5&#8243; header_text_shadow_color=&#8221;#0c71c3&#8243; background_layout=&#8221;dark&#8221; animation_direction=&#8221;left&#8221;] Breizh Surfeur [\/et_pb_text][et_pb_divider color=&#8221;rgba(255,255,255,0.7)&#8221; divider_weight=&#8221;3px&#8221; _builder_version=&#8221;3.11&#8243; module_alignment=&#8221;center&#8221; animation_direction=&#8221;left&#8221;] &nbsp; [\/et_pb_divider][\/et_pb_column][\/et_pb_row][et_pb_row custom_margin=&#8221;||40px|&#8221; _builder_version=&#8221;3.2&#8243; use_background_color_gradient=&#8221;on&#8221; background_size=&#8221;initial&#8221; background_position=&#8221;top_left&#8221; background_repeat=&#8221;repeat&#8221; filter_opacity=&#8221;88%&#8221;][et_pb_column type=&#8221;4_4&#8243;][et_pb_text _builder_version=&#8221;3.11&#8243; [&hellip;]<\/p>\n","protected":false},"author":3,"featured_media":0,"parent":0,"menu_order":0,"comment_status":"closed","ping_status":"closed","template":"","meta":[],"_links":{"self":[{"href":"https:\/\/breizhwinners.com\/index.php\/wp-json\/wp\/v2\/pages\/441"}],"collection":[{"href":"https:\/\/breizhwinners.com\/index.php\/wp-json\/wp\/v2\/pages"}],"about":[{"href":"https:\/\/breizhwinners.com\/index.php\/wp-json\/wp\/v2\/types\/page"}],"author":[{"embeddable":true,"href":"https:\/\/breizhwinners.com\/index.php\/wp-json\/wp\/v2\/users\/3"}],"replies":[{"embeddable":true,"href":"https:\/\/breizhwinners.com\/index.php\/wp-json\/wp\/v2\/comments?post=441"}],"version-history":[{"count":20,"href":"https:\/\/breizhwinners.com\/index.php\/wp-json\/wp\/v2\/pages\/441\/revisions"}],"predecessor-version":[{"id":913,"href":"https:\/\/breizhwinners.com\/index.php\/wp-json\/wp\/v2\/pages\/441\/revisions\/913"}],"wp:attachment":[{"href":"https:\/\/breizhwinners.com\/index.php\/wp-json\/wp\/v2\/media?parent=441"}],"curies":[{"name":"wp","href":"https:\/\/api.w.org\/{rel}","templated":true}]}}