{"id":591,"date":"2019-03-12T13:29:02","date_gmt":"2019-03-12T12:29:02","guid":{"rendered":"https:\/\/breizhwinners.com\/?page_id=591"},"modified":"2019-05-19T14:48:22","modified_gmt":"2019-05-19T12:48:22","slug":"sortie-kayak","status":"publish","type":"page","link":"https:\/\/breizhwinners.com\/index.php\/sortie-kayak\/","title":{"rendered":"Breizh Kayak"},"content":{"rendered":"<p>[et_pb_section bb_built=&#8221;1&#8243; admin_label=&#8221;Hero&#8221; _builder_version=&#8221;3.11&#8243; use_background_color_gradient=&#8221;on&#8221; background_color_gradient_start=&#8221;#9e56f9&#8243; background_color_gradient_end=&#8221;#308cff&#8221; background_color_gradient_direction=&#8221;137deg&#8221; background_image=&#8221;https:\/\/breizhwinners.com\/wp-content\/uploads\/2019\/02\/lake-kajak-kayakb.jpg&#8221; module_alignment=&#8221;center&#8221; custom_padding=&#8221;||0px|&#8221; bottom_divider_style=&#8221;slant&#8221; bottom_divider_color=&#8221;#ffffff&#8221; bottom_divider_height=&#8221;40px&#8221; bottom_divider_flip=&#8221;horizontal&#8221; next_background_color=&#8221;#ffffff&#8221; background_position=&#8221;top_center&#8221; parallax=&#8221;on&#8221;][et_pb_row _builder_version=&#8221;3.2&#8243; background_size=&#8221;initial&#8221; background_position=&#8221;top_left&#8221; background_repeat=&#8221;repeat&#8221; animation_style=&#8221;zoom&#8221;][et_pb_column type=&#8221;1_3&#8243;][\/et_pb_column][et_pb_column type=&#8221;2_3&#8243;][et_pb_text admin_label=&#8221;Title&#8221; _builder_version=&#8221;3.11&#8243; text_text_color=&#8221;#000000&#8243; text_text_shadow_style=&#8221;preset1&#8243; text_text_shadow_horizontal_length=&#8221;-0.11em&#8221; text_text_shadow_vertical_length=&#8221;0.12em&#8221; text_text_shadow_blur_strength=&#8221;0.26em&#8221; text_text_shadow_color=&#8221;#e09900&#8243; header_font=&#8221;Montserrat|500|||||||&#8221; header_text_align=&#8221;center&#8221; header_text_color=&#8221;#ffffff&#8221; header_font_size=&#8221;84px&#8221; header_font_size_tablet=&#8221;50px&#8221; header_font_size_last_edited=&#8221;on|desktop&#8221; header_text_shadow_style=&#8221;preset5&#8243; header_text_shadow_horizontal_length=&#8221;0.03em&#8221; header_text_shadow_vertical_length=&#8221;0.01em&#8221; header_text_shadow_blur_strength=&#8221;0.06em&#8221; header_text_shadow_color=&#8221;#e09900&#8243; animation_direction=&#8221;left&#8221;]<\/p>\n<h1><span style=\"color: #003000;\">Breizh Kayak<\/span><\/h1>\n<p>[\/et_pb_text][et_pb_divider color=&#8221;rgba(255,255,255,0.7)&#8221; divider_weight=&#8221;3px&#8221; _builder_version=&#8221;3.11&#8243; module_alignment=&#8221;center&#8221; animation_direction=&#8221;left&#8221;]<\/p>\n<p>&nbsp;<\/p>\n<p>[\/et_pb_divider][\/et_pb_column][\/et_pb_row][\/et_pb_section][et_pb_section bb_built=&#8221;1&#8243; admin_label=&#8221;About&#8221; _builder_version=&#8221;3.0.105&#8243; custom_padding=&#8221;5px||90px||false|false&#8221; prev_background_color=&#8221;#000000&#8243;][et_pb_row _builder_version=&#8221;3.11&#8243;][et_pb_column type=&#8221;4_4&#8243;][et_pb_image _builder_version=&#8221;3.11&#8243; src=&#8221;https:\/\/breizhwinners.com\/wp-content\/uploads\/2019\/05\/IMG_0093.jpg&#8221; align=&#8221;center&#8221; max_width=&#8221;70%&#8221; \/][\/et_pb_column][\/et_pb_row][et_pb_row custom_padding=&#8221;|||&#8221; custom_margin=&#8221;|||&#8221; _builder_version=&#8221;3.0.105&#8243;][et_pb_column type=&#8221;4_4&#8243;][et_pb_text admin_label=&#8221;Subtitle&#8221; _builder_version=&#8221;3.11&#8243; text_font=&#8221;Montserrat|500||on|||||&#8221; text_text_color=&#8221;rgba(0,0,0,0.25)&#8221; text_orientation=&#8221;center&#8221; animation_style=&#8221;fade&#8221;]<\/p>\n<p>Nouveaut\u00e9 2019<\/p>\n<p>[\/et_pb_text][et_pb_text admin_label=&#8221;Title&#8221; _builder_version=&#8221;3.11&#8243; text_font=&#8221;Montserrat|300|||||||&#8221; text_font_size=&#8221;20px&#8221; text_line_height=&#8221;1.8em&#8221; header_2_font=&#8221;Montserrat|500|||||||&#8221; header_2_text_align=&#8221;center&#8221; header_2_font_size=&#8221;30px&#8221; header_2_line_height=&#8221;1.4em&#8221; text_orientation=&#8221;center&#8221; max_width=&#8221;700px&#8221; module_alignment=&#8221;center&#8221; animation_style=&#8221;fade&#8221; animation_direction=&#8221;right&#8221;]<\/p>\n<h1 class=\"listing-hero-title\" data-automation=\"listing-title\">BREIZH KAYAK 2019<\/h1>\n<p>&nbsp;<\/p>\n<p>[\/et_pb_text][et_pb_text _builder_version=&#8221;3.11&#8243; text_orientation=&#8221;justified&#8221;]<\/p>\n<h4>La premi\u00e8re \u00e9dition de Breizh Kayak a eu lieu samedi 11 mai 2019 avec le Centre Nautique de la Ria d\u2019Etel. Merci \u00e0 Gwendal pour son accueil et son aide pour nos 20 kayakistes en herbe! Certains sont venus de loin mais n\u2019ont nullement regrett\u00e9s le d\u00e9placement. De belles rencontres, de beaux \u00e9changes, un temps cl\u00e9ment, des sourires radieux, le tout dans une ambiance bon-enfant.<\/h4>\n<h4>Nous r\u00e9\u00e9diterons l\u2019ann\u00e9e prochaine et nous lan\u00e7ons un appel aux bonnes volont\u00e9s qui souhaiteraient organiser la deuxi\u00e8me \u00e9dition sur un autre site breton. La BREIZH WINNERS Team sera \u00e9videment l\u00e0 pour vous venir en aide.<\/h4>\n<h4 style=\"text-align: right;\">Breizh Winners Team<\/h4>\n<p>[\/et_pb_text][\/et_pb_column][\/et_pb_row][\/et_pb_section]<\/p>\n","protected":false},"excerpt":{"rendered":"<p>[et_pb_section bb_built=&#8221;1&#8243; admin_label=&#8221;Hero&#8221; _builder_version=&#8221;3.11&#8243; use_background_color_gradient=&#8221;on&#8221; background_color_gradient_start=&#8221;#9e56f9&#8243; background_color_gradient_end=&#8221;#308cff&#8221; background_color_gradient_direction=&#8221;137deg&#8221; background_image=&#8221;https:\/\/breizhwinners.com\/wp-content\/uploads\/2019\/02\/lake-kajak-kayakb.jpg&#8221; module_alignment=&#8221;center&#8221; custom_padding=&#8221;||0px|&#8221; bottom_divider_style=&#8221;slant&#8221; bottom_divider_color=&#8221;#ffffff&#8221; bottom_divider_height=&#8221;40px&#8221; bottom_divider_flip=&#8221;horizontal&#8221; next_background_color=&#8221;#ffffff&#8221; background_position=&#8221;top_center&#8221; parallax=&#8221;on&#8221;][et_pb_row _builder_version=&#8221;3.2&#8243; background_size=&#8221;initial&#8221; background_position=&#8221;top_left&#8221; background_repeat=&#8221;repeat&#8221; animation_style=&#8221;zoom&#8221;][et_pb_column type=&#8221;1_3&#8243;][\/et_pb_column][et_pb_column type=&#8221;2_3&#8243;][et_pb_text admin_label=&#8221;Title&#8221; _builder_version=&#8221;3.11&#8243; text_text_color=&#8221;#000000&#8243; text_text_shadow_style=&#8221;preset1&#8243; text_text_shadow_horizontal_length=&#8221;-0.11em&#8221; text_text_shadow_vertical_length=&#8221;0.12em&#8221; text_text_shadow_blur_strength=&#8221;0.26em&#8221; text_text_shadow_color=&#8221;#e09900&#8243; header_font=&#8221;Montserrat|500|||||||&#8221; header_text_align=&#8221;center&#8221; header_text_color=&#8221;#ffffff&#8221; header_font_size=&#8221;84px&#8221; header_font_size_tablet=&#8221;50px&#8221; header_font_size_last_edited=&#8221;on|desktop&#8221; header_text_shadow_style=&#8221;preset5&#8243; header_text_shadow_horizontal_length=&#8221;0.03em&#8221; header_text_shadow_vertical_length=&#8221;0.01em&#8221; header_text_shadow_blur_strength=&#8221;0.06em&#8221; header_text_shadow_color=&#8221;#e09900&#8243; animation_direction=&#8221;left&#8221;] Breizh Kayak [\/et_pb_text][et_pb_divider color=&#8221;rgba(255,255,255,0.7)&#8221; divider_weight=&#8221;3px&#8221; _builder_version=&#8221;3.11&#8243; module_alignment=&#8221;center&#8221; animation_direction=&#8221;left&#8221;] &nbsp; [\/et_pb_divider][\/et_pb_column][\/et_pb_row][\/et_pb_section][et_pb_section [&hellip;]<\/p>\n","protected":false},"author":3,"featured_media":0,"parent":0,"menu_order":0,"comment_status":"closed","ping_status":"closed","template":"","meta":[],"_links":{"self":[{"href":"https:\/\/breizhwinners.com\/index.php\/wp-json\/wp\/v2\/pages\/591"}],"collection":[{"href":"https:\/\/breizhwinners.com\/index.php\/wp-json\/wp\/v2\/pages"}],"about":[{"href":"https:\/\/breizhwinners.com\/index.php\/wp-json\/wp\/v2\/types\/page"}],"author":[{"embeddable":true,"href":"https:\/\/breizhwinners.com\/index.php\/wp-json\/wp\/v2\/users\/3"}],"replies":[{"embeddable":true,"href":"https:\/\/breizhwinners.com\/index.php\/wp-json\/wp\/v2\/comments?post=591"}],"version-history":[{"count":31,"href":"https:\/\/breizhwinners.com\/index.php\/wp-json\/wp\/v2\/pages\/591\/revisions"}],"predecessor-version":[{"id":654,"href":"https:\/\/breizhwinners.com\/index.php\/wp-json\/wp\/v2\/pages\/591\/revisions\/654"}],"wp:attachment":[{"href":"https:\/\/breizhwinners.com\/index.php\/wp-json\/wp\/v2\/media?parent=591"}],"curies":[{"name":"wp","href":"https:\/\/api.w.org\/{rel}","templated":true}]}}