{"id":690,"date":"2019-08-27T10:39:55","date_gmt":"2019-08-27T08:39:55","guid":{"rendered":"https:\/\/breizhwinners.com\/?page_id=690"},"modified":"2019-10-16T12:17:59","modified_gmt":"2019-10-16T10:17:59","slug":"journee-multi-sports","status":"publish","type":"page","link":"https:\/\/breizhwinners.com\/index.php\/journee-multi-sports\/","title":{"rendered":"Journ\u00e9e Multi Sports"},"content":{"rendered":"<p>[et_pb_section bb_built=&#8221;1&#8243; admin_label=&#8221;Hero&#8221; _builder_version=&#8221;3.11&#8243; background_color_gradient_start=&#8221;#9e56f9&#8243; background_color_gradient_end=&#8221;#308cff&#8221; background_color_gradient_direction=&#8221;137deg&#8221; module_alignment=&#8221;center&#8221; custom_padding=&#8221;||0px|&#8221; bottom_divider_style=&#8221;slant&#8221; bottom_divider_color=&#8221;#ffffff&#8221; bottom_divider_height=&#8221;40px&#8221; bottom_divider_flip=&#8221;horizontal&#8221; next_background_color=&#8221;#000000&#8243; background_position=&#8221;top_center&#8221; parallax=&#8221;on&#8221;][et_pb_row _builder_version=&#8221;3.11&#8243; background_size=&#8221;initial&#8221; background_position=&#8221;top_left&#8221; background_repeat=&#8221;repeat&#8221;][et_pb_column type=&#8221;4_4&#8243;][et_pb_image _builder_version=&#8221;3.11&#8243; src=&#8221;https:\/\/breizhwinners.com\/wp-content\/uploads\/2019\/08\/Journ\u00e9e-Multisports.png&#8221; parallax=&#8221;on&#8221; \/][\/et_pb_column][\/et_pb_row][\/et_pb_section][et_pb_section bb_built=&#8221;1&#8243; admin_label=&#8221;About&#8221; _builder_version=&#8221;3.0.105&#8243; custom_padding=&#8221;5px||90px||false|false&#8221; prev_background_color=&#8221;#000000&#8243;][et_pb_row custom_padding=&#8221;|||&#8221; custom_margin=&#8221;|||&#8221; _builder_version=&#8221;3.0.105&#8243;][et_pb_column type=&#8221;4_4&#8243;][et_pb_text admin_label=&#8221;Subtitle&#8221; _builder_version=&#8221;3.11&#8243; text_font=&#8221;Montserrat|500||on|||||&#8221; text_text_color=&#8221;rgba(0,0,0,0.25)&#8221; text_orientation=&#8221;center&#8221; animation_style=&#8221;fade&#8221;]<\/p>\n<p>Nouveaut\u00e9 2019<\/p>\n<p>[\/et_pb_text][et_pb_text admin_label=&#8221;Title&#8221; _builder_version=&#8221;3.11&#8243; text_font=&#8221;Montserrat|300|||||||&#8221; text_font_size=&#8221;20px&#8221; text_line_height=&#8221;1.8em&#8221; header_2_font=&#8221;Montserrat|500|||||||&#8221; header_2_text_align=&#8221;center&#8221; header_2_font_size=&#8221;30px&#8221; header_2_line_height=&#8221;1.4em&#8221; text_orientation=&#8221;center&#8221; max_width=&#8221;700px&#8221; module_alignment=&#8221;center&#8221; animation_style=&#8221;fade&#8221; animation_direction=&#8221;right&#8221;]<\/p>\n<h1 class=\"listing-hero-title\" data-automation=\"listing-title\">JOURNEE MULTISPORTS 2019<\/h1>\n<p>&nbsp;<\/p>\n<p>[\/et_pb_text][\/et_pb_column][\/et_pb_row][et_pb_row _builder_version=&#8221;3.11&#8243;][et_pb_column type=&#8221;1_2&#8243;][et_pb_image admin_label=&#8221;Affiche&#8221; _builder_version=&#8221;3.11&#8243; src=&#8221;https:\/\/breizhwinners.com\/wp-content\/uploads\/2019\/08\/afiiche-evenement-caen-V3.jpg&#8221; align=&#8221;center&#8221; max_width=&#8221;70%&#8221; \/][\/et_pb_column][et_pb_column type=&#8221;1_2&#8243;][et_pb_text _builder_version=&#8221;3.11&#8243; text_orientation=&#8221;justified&#8221;]<\/p>\n<p>Bonjour \u00e0 tous,<\/p>\n<p>Pour la premi\u00e8re fois,\u00a0<b>Breizh Winners<\/b>\u00a0allait \u00e0 la rencontre de la Normandie: effectivement, le\u00a0<b>vendredi 11 Octobre 2019\u00a0<\/b>se d\u00e9roulerait une\u00a0<b>Journ\u00e9e MultiSports\u00a0<\/b>au<b>\u00a0Gymnase CFC Sports Caen &#8211; Carpiquet (14).<\/b><\/p>\n<p>Ce fut une journ\u00e9e conviviale autour de diff\u00e9rentes activit\u00e9s sportives comme la course \u00e0 pied, le badminton, le Handfauteuil, le tire laser, le mini-golf etc. C\u2019\u00e9tait aussi l\u2019occasion d\u2019\u00e9changer entre nous tous !<\/p>\n<p>Nous tenions \u00e0 vous remercier pour votre participation \u00e0 cette 1\u00e8re \u00e9dition, c\u2019\u00e9tait un r\u00e9el plaisir de vous accueillir !<\/p>\n<p>Nous remercions tout particuli\u00e8rement nos partenaires ;\u00a0<a class=\"profileLink\" href=\"https:\/\/www.facebook.com\/ossur.fr\/?__tn__=K-R&amp;eid=ARBGehLPcNa1Znb5G8nRKLjZNb-mol2FOCdim07G15Gqd--8ba0l5o79THHjTnTpgAsCsKHgUblN2G4r&amp;fref=mentions&amp;__xts__%5B0%5D=68.ARBfC7RFvIKMZm2Y2xc6WVC7KpQwhgQYDaVZRLlhQaXxPJtOeSx4Teh3-sJ1eIff13hkuI6ZQiG06_Qex41iOGMrXsNS3DimiqcGFHZ1pyQbeBYYQImBYZyAcaHWW05nwgCa_DQhYJ6TqrASKdBvu3XNMILJ4qf_Pe_FC24W26kr5RhEV9_B9oMh1TJdvjlIkP7sBl91VDIFcdd5v141uvTYJJTj505Z425Ns1Z43kNyO_-LwKz4pGdwPPhDzsz46JmS_581p6bYVqAlI_gIc7Bha2Vi-fq-rLvYbr3xjmkkO1T2D5q_r8GVXevx0Z_jExljwjQ5U-b9WCw0dA43l3M\" data-hovercard=\"\/ajax\/hovercard\/page.php?id=373844496309657&amp;extragetparams=%7B%22__tn__%22%3A%22%2CdK-R-R%22%2C%22eid%22%3A%22ARBGehLPcNa1Znb5G8nRKLjZNb-mol2FOCdim07G15Gqd--8ba0l5o79THHjTnTpgAsCsKHgUblN2G4r%22%2C%22fref%22%3A%22mentions%22%7D\" data-hovercard-prefer-more-content-show=\"1\">\u00d6ssur<\/a>,\u00a0<a class=\"profileLink\" href=\"https:\/\/www.facebook.com\/Creadimm\/?__tn__=K-R&amp;eid=ARC1PJEuJGCiNl3EEwvvHx8NsuTdnFaP3Lbp08D9jxPFxRo07uMJR4u_NyazMp7nDEm1_LWtIT3KYW6Q&amp;fref=mentions&amp;__xts__%5B0%5D=68.ARBfC7RFvIKMZm2Y2xc6WVC7KpQwhgQYDaVZRLlhQaXxPJtOeSx4Teh3-sJ1eIff13hkuI6ZQiG06_Qex41iOGMrXsNS3DimiqcGFHZ1pyQbeBYYQImBYZyAcaHWW05nwgCa_DQhYJ6TqrASKdBvu3XNMILJ4qf_Pe_FC24W26kr5RhEV9_B9oMh1TJdvjlIkP7sBl91VDIFcdd5v141uvTYJJTj505Z425Ns1Z43kNyO_-LwKz4pGdwPPhDzsz46JmS_581p6bYVqAlI_gIc7Bha2Vi-fq-rLvYbr3xjmkkO1T2D5q_r8GVXevx0Z_jExljwjQ5U-b9WCw0dA43l3M\" data-hovercard=\"\/ajax\/hovercard\/page.php?id=124014594475297&amp;extragetparams=%7B%22__tn__%22%3A%22%2CdK-R-R%22%2C%22eid%22%3A%22ARC1PJEuJGCiNl3EEwvvHx8NsuTdnFaP3Lbp08D9jxPFxRo07uMJR4u_NyazMp7nDEm1_LWtIT3KYW6Q%22%2C%22fref%22%3A%22mentions%22%7D\" data-hovercard-prefer-more-content-show=\"1\">Cr\u00e9adimm<\/a><span class=\"text_exposed_show\">\u00a0et l\u2019ensemble du complexe sportif de Carpiquet (<a class=\"profileLink\" href=\"https:\/\/www.facebook.com\/LeCFCsport\/?__tn__=K-R&amp;eid=ARBdbIM23n_3xKGiUbiNTwUmbB41lTRyAtGxKPc1BGH9aOZOCN_UPuZFN5EzxyK5M4-MRQQnO-vQEFGw&amp;fref=mentions&amp;__xts__%5B0%5D=68.ARBfC7RFvIKMZm2Y2xc6WVC7KpQwhgQYDaVZRLlhQaXxPJtOeSx4Teh3-sJ1eIff13hkuI6ZQiG06_Qex41iOGMrXsNS3DimiqcGFHZ1pyQbeBYYQImBYZyAcaHWW05nwgCa_DQhYJ6TqrASKdBvu3XNMILJ4qf_Pe_FC24W26kr5RhEV9_B9oMh1TJdvjlIkP7sBl91VDIFcdd5v141uvTYJJTj505Z425Ns1Z43kNyO_-LwKz4pGdwPPhDzsz46JmS_581p6bYVqAlI_gIc7Bha2Vi-fq-rLvYbr3xjmkkO1T2D5q_r8GVXevx0Z_jExljwjQ5U-b9WCw0dA43l3M\" data-hovercard=\"\/ajax\/hovercard\/page.php?id=512127598799712&amp;extragetparams=%7B%22__tn__%22%3A%22%2CdK-R-R%22%2C%22eid%22%3A%22ARBdbIM23n_3xKGiUbiNTwUmbB41lTRyAtGxKPc1BGH9aOZOCN_UPuZFN5EzxyK5M4-MRQQnO-vQEFGw%22%2C%22fref%22%3A%22mentions%22%7D\" data-hovercard-prefer-more-content-show=\"1\">CFC Sports Caen-Carpiquet<\/a>) qui ont contribu\u00e9 \u00e0 cette belle journ\u00e9e !<\/span><\/p>\n<p><span class=\"text_exposed_show\">Nous vous attendons tr\u00e8s nombreux pour la prochaine \u00e9dition !!!!!\u00a0<\/span><\/p>\n<p>&nbsp;<\/p>\n<p style=\"text-align: right;\">Breizh Winners Team<\/p>\n<p>[\/et_pb_text][\/et_pb_column][\/et_pb_row][et_pb_row][et_pb_column type=&#8221;4_4&#8243;][et_pb_gallery _builder_version=&#8221;3.11&#8243; gallery_ids=&#8221;719,720,721,722,723,724&#8243; posts_number=&#8221;6&#8243; show_title_and_caption=&#8221;off&#8221; show_pagination=&#8221;off&#8221; zoom_icon_color=&#8221;#2ea3f2&#8243; hover_overlay_color=&#8221;rgba(255,255,255,0.9)&#8221; \/][\/et_pb_column][\/et_pb_row][\/et_pb_section]<\/p>\n","protected":false},"excerpt":{"rendered":"<p>[et_pb_section bb_built=&#8221;1&#8243; admin_label=&#8221;Hero&#8221; _builder_version=&#8221;3.11&#8243; background_color_gradient_start=&#8221;#9e56f9&#8243; background_color_gradient_end=&#8221;#308cff&#8221; background_color_gradient_direction=&#8221;137deg&#8221; module_alignment=&#8221;center&#8221; custom_padding=&#8221;||0px|&#8221; bottom_divider_style=&#8221;slant&#8221; bottom_divider_color=&#8221;#ffffff&#8221; bottom_divider_height=&#8221;40px&#8221; bottom_divider_flip=&#8221;horizontal&#8221; next_background_color=&#8221;#000000&#8243; background_position=&#8221;top_center&#8221; parallax=&#8221;on&#8221;][et_pb_row _builder_version=&#8221;3.11&#8243; background_size=&#8221;initial&#8221; background_position=&#8221;top_left&#8221; background_repeat=&#8221;repeat&#8221;][et_pb_column type=&#8221;4_4&#8243;][et_pb_image _builder_version=&#8221;3.11&#8243; src=&#8221;https:\/\/breizhwinners.com\/wp-content\/uploads\/2019\/08\/Journ\u00e9e-Multisports.png&#8221; parallax=&#8221;on&#8221; \/][\/et_pb_column][\/et_pb_row][\/et_pb_section][et_pb_section bb_built=&#8221;1&#8243; admin_label=&#8221;About&#8221; _builder_version=&#8221;3.0.105&#8243; custom_padding=&#8221;5px||90px||false|false&#8221; prev_background_color=&#8221;#000000&#8243;][et_pb_row custom_padding=&#8221;|||&#8221; custom_margin=&#8221;|||&#8221; _builder_version=&#8221;3.0.105&#8243;][et_pb_column type=&#8221;4_4&#8243;][et_pb_text admin_label=&#8221;Subtitle&#8221; _builder_version=&#8221;3.11&#8243; text_font=&#8221;Montserrat|500||on|||||&#8221; text_text_color=&#8221;rgba(0,0,0,0.25)&#8221; text_orientation=&#8221;center&#8221; animation_style=&#8221;fade&#8221;] Nouveaut\u00e9 2019 [\/et_pb_text][et_pb_text admin_label=&#8221;Title&#8221; _builder_version=&#8221;3.11&#8243; text_font=&#8221;Montserrat|300|||||||&#8221; text_font_size=&#8221;20px&#8221; text_line_height=&#8221;1.8em&#8221; header_2_font=&#8221;Montserrat|500|||||||&#8221; header_2_text_align=&#8221;center&#8221; header_2_font_size=&#8221;30px&#8221; header_2_line_height=&#8221;1.4em&#8221; text_orientation=&#8221;center&#8221; max_width=&#8221;700px&#8221; module_alignment=&#8221;center&#8221; [&hellip;]<\/p>\n","protected":false},"author":3,"featured_media":0,"parent":0,"menu_order":0,"comment_status":"closed","ping_status":"closed","template":"","meta":[],"_links":{"self":[{"href":"https:\/\/breizhwinners.com\/index.php\/wp-json\/wp\/v2\/pages\/690"}],"collection":[{"href":"https:\/\/breizhwinners.com\/index.php\/wp-json\/wp\/v2\/pages"}],"about":[{"href":"https:\/\/breizhwinners.com\/index.php\/wp-json\/wp\/v2\/types\/page"}],"author":[{"embeddable":true,"href":"https:\/\/breizhwinners.com\/index.php\/wp-json\/wp\/v2\/users\/3"}],"replies":[{"embeddable":true,"href":"https:\/\/breizhwinners.com\/index.php\/wp-json\/wp\/v2\/comments?post=690"}],"version-history":[{"count":16,"href":"https:\/\/breizhwinners.com\/index.php\/wp-json\/wp\/v2\/pages\/690\/revisions"}],"predecessor-version":[{"id":802,"href":"https:\/\/breizhwinners.com\/index.php\/wp-json\/wp\/v2\/pages\/690\/revisions\/802"}],"wp:attachment":[{"href":"https:\/\/breizhwinners.com\/index.php\/wp-json\/wp\/v2\/media?parent=690"}],"curies":[{"name":"wp","href":"https:\/\/api.w.org\/{rel}","templated":true}]}}