{"id":799,"date":"2020-02-18T08:53:34","date_gmt":"2020-02-18T07:53:34","guid":{"rendered":"https:\/\/breizhwinners.com\/?page_id=799"},"modified":"2020-02-18T08:53:34","modified_gmt":"2020-02-18T07:53:34","slug":"stage-de-survie","status":"publish","type":"page","link":"https:\/\/breizhwinners.com\/index.php\/stage-de-survie\/","title":{"rendered":"Stage de &#8220;Sur&#8221;Vie"},"content":{"rendered":"<p>[et_pb_section bb_built=&#8221;1&#8243; admin_label=&#8221;Hero&#8221; _builder_version=&#8221;3.11&#8243; background_color_gradient_start=&#8221;#9e56f9&#8243; background_color_gradient_end=&#8221;#308cff&#8221; background_color_gradient_direction=&#8221;137deg&#8221; module_alignment=&#8221;center&#8221; custom_padding=&#8221;||0px|&#8221; bottom_divider_style=&#8221;slant&#8221; bottom_divider_color=&#8221;#ffffff&#8221; bottom_divider_height=&#8221;40px&#8221; bottom_divider_flip=&#8221;horizontal&#8221; next_background_color=&#8221;#000000&#8243; background_position=&#8221;top_center&#8221; parallax=&#8221;on&#8221;][et_pb_row _builder_version=&#8221;3.11&#8243; background_size=&#8221;initial&#8221; background_position=&#8221;top_left&#8221; background_repeat=&#8221;repeat&#8221;][et_pb_column type=&#8221;4_4&#8243;][et_pb_image _builder_version=&#8221;3.11&#8243; src=&#8221;https:\/\/breizhwinners.com\/wp-content\/uploads\/2019\/12\/Copie-de-Journ\u00e9e-Multisports-banni\u00e8re-Hello-Asso.png&#8221; \/][\/et_pb_column][\/et_pb_row][\/et_pb_section][et_pb_section bb_built=&#8221;1&#8243; admin_label=&#8221;About&#8221; _builder_version=&#8221;3.0.105&#8243; custom_padding=&#8221;5px||90px||false|false&#8221; prev_background_color=&#8221;#000000&#8243; next_background_color=&#8221;#000000&#8243;][et_pb_row custom_padding=&#8221;|||&#8221; custom_margin=&#8221;|||&#8221; _builder_version=&#8221;3.0.105&#8243;][et_pb_column type=&#8221;4_4&#8243;][et_pb_text admin_label=&#8221;Subtitle&#8221; _builder_version=&#8221;3.11&#8243; text_font=&#8221;Montserrat|500||on|||||&#8221; text_text_color=&#8221;rgba(0,0,0,0.25)&#8221; text_orientation=&#8221;center&#8221; animation_style=&#8221;fade&#8221;]<\/p>\n<p>Nouveaut\u00e9 2019<\/p>\n<p>[\/et_pb_text][et_pb_text admin_label=&#8221;Title&#8221; _builder_version=&#8221;3.11&#8243; text_font=&#8221;Montserrat|300|||||||&#8221; text_font_size=&#8221;20px&#8221; text_line_height=&#8221;1.8em&#8221; header_2_font=&#8221;Montserrat|500|||||||&#8221; header_2_text_align=&#8221;center&#8221; header_2_font_size=&#8221;30px&#8221; header_2_line_height=&#8221;1.4em&#8221; text_orientation=&#8221;center&#8221; max_width=&#8221;700px&#8221; module_alignment=&#8221;center&#8221; animation_style=&#8221;fade&#8221; animation_direction=&#8221;right&#8221;]<\/p>\n<h1 class=\"listing-hero-title\" data-automation=\"listing-title\">Stage de &#8220;Sur&#8221;Vie en Corse 2019<\/h1>\n<p>&nbsp;<\/p>\n<p>[\/et_pb_text][\/et_pb_column][\/et_pb_row][et_pb_row _builder_version=&#8221;3.11&#8243;][et_pb_column type=&#8221;1_2&#8243;][et_pb_video _builder_version=&#8221;3.11&#8243; src=&#8221;https:\/\/breizhwinners.com\/wp-content\/uploads\/2020\/02\/10000000_967103596995109_7860470857698829933_n-1.mp4&#8243; \/][\/et_pb_column][et_pb_column type=&#8221;1_2&#8243;][et_pb_text _builder_version=&#8221;3.11&#8243; text_orientation=&#8221;justified&#8221;]<\/p>\n<h4>L&#8217;exp\u00e9dition<\/h4>\n<p>Pour la premi\u00e8re fois, un groupe handi\/valide a particip\u00e9 \u00e0 un stage de &#8220;sur&#8221;vie douce dans une vall\u00e9e isol\u00e9e de Corse du Sud. Ce n\u2019est pas un stage commando, ni une randonn\u00e9e t\u00eate en l\u2019air mais un s\u00e9jour simple et intense en immersion totale avec la nature. Leur h\u00f4te, <a href=\"https:\/\/www.facebook.com\/frankbrunocabochard\/\">Frank Bruno<\/a> leur a fait profiter de son exp\u00e9rience qu\u2019il a acquise au cours de ses exp\u00e9ditions engag\u00e9es \u00e0 travers le monde. Pendant ces 4 jours ils n\u2019ont eu aucun contact avec l\u2019ext\u00e9rieur puisque ils ont progress\u00e9 en zone non couverte par les r\u00e9seaux t\u00e9l\u00e9phoniques.<\/p>\n<h4>Qui sont-ils ?<\/h4>\n<p>Un groupe de 6 personnes venant de Bretagne. 5 personnes amput\u00e9es et un proth\u00e9siste. Leur objectif\u00a0: r\u00e9aliser une chose extraordinaire\u2026 vivre en pleine nature !<\/p>\n<p>Franck Bruno est \u00e0 l&#8217;initiative de l&#8217;association<a href=\"http:\/\/www.boutdevie.org\/\"><em> &#8220;Bout de vie&#8221;\u2026<\/em><\/a>\u00a0elle a pour objet d\u2019aider et accompagner les personnes amput\u00e9es quel que soit leur \u00e2ge, la nature, le degr\u00e9 et l\u2019anciennet\u00e9 de leur mutilation, \u00e0 disposer des \u00ab\u00a0cl\u00e9s\u00a0\u00bb et \u00ab\u00a0outils\u00a0\u00bb leur permettant de tenter d\u2019appr\u00e9hender, d\u2019int\u00e9grer, de s\u2019adapter et de surmonter leur diff\u00e9rence par la valorisation de leur potentiel de vie et du sens du d\u00e9passement de soi.<\/p>\n<p>Voici un film retra\u00e7ant leur parcours: bon visionnage !<\/p>\n<p>&nbsp;<\/p>\n<p>&nbsp;<\/p>\n<p style=\"text-align: right;\">Breizh Winners Team<\/p>\n<p>[\/et_pb_text][\/et_pb_column][\/et_pb_row][et_pb_row][et_pb_column type=&#8221;1_4&#8243;][\/et_pb_column][et_pb_column type=&#8221;1_2&#8243;][et_pb_divider _builder_version=&#8221;3.11&#8243; \/][et_pb_text _builder_version=&#8221;3.11&#8243;]<\/p>\n<h1 style=\"text-align: center;\">Film complet sur nos 6 aventuriers<\/h1>\n<p>[\/et_pb_text][et_pb_divider _builder_version=&#8221;3.11&#8243; \/][\/et_pb_column][et_pb_column type=&#8221;1_4&#8243;][\/et_pb_column][\/et_pb_row][et_pb_row][et_pb_column type=&#8221;4_4&#8243;][et_pb_video _builder_version=&#8221;3.11&#8243; src=&#8221;https:\/\/youtu.be\/lly_PM3IP9U&#8221; \/][\/et_pb_column][\/et_pb_row][\/et_pb_section][et_pb_section bb_built=&#8221;1&#8243; fullwidth=&#8221;off&#8221; specialty=&#8221;off&#8221; prev_background_color=&#8221;#000000&#8243;][et_pb_row][et_pb_column type=&#8221;1_3&#8243;][\/et_pb_column][et_pb_column type=&#8221;1_3&#8243;][et_pb_text admin_label=&#8221;Les partenaires et sponsors&#8221; _builder_version=&#8221;3.11&#8243;]<\/p>\n<h1 style=\"text-align: center;\">Les partenaires et sponsors<\/h1>\n<p>[\/et_pb_text][\/et_pb_column][et_pb_column type=&#8221;1_3&#8243;][\/et_pb_column][\/et_pb_row][et_pb_row _builder_version=&#8221;3.11&#8243;][et_pb_column type=&#8221;1_3&#8243;][et_pb_image admin_label=&#8221;Logo Blatchford&#8221; _builder_version=&#8221;3.11&#8243; src=&#8221;https:\/\/breizhwinners.com\/wp-content\/uploads\/2020\/02\/Blatchford.png&#8221; url=&#8221;https:\/\/www.blatchford.fr\/&#8221; \/][et_pb_image admin_label=&#8221;Logo Les Bouchons de l&#8217;Espoir&#8221; _builder_version=&#8221;3.11&#8243; src=&#8221;https:\/\/breizhwinners.com\/wp-content\/uploads\/2020\/02\/Les-bouchons-de-lespoir.png&#8221; url=&#8221;http:\/\/bouchons.de.lespoir.free.fr\/index.php&#8221; \/][\/et_pb_column][et_pb_column type=&#8221;1_3&#8243;][et_pb_image admin_label=&#8221;Logo D\u00e9cathlon Lorient&#8221; _builder_version=&#8221;3.11&#8243; src=&#8221;https:\/\/breizhwinners.com\/wp-content\/uploads\/2020\/02\/D\u00e9cathlong-Lorient.png&#8221; url=&#8221;https:\/\/www.facebook.com\/Decathlonlorient\/&#8221; \/][et_pb_image admin_label=&#8221;Logo Leclerc Voyage&#8221; _builder_version=&#8221;3.11&#8243; src=&#8221;https:\/\/breizhwinners.com\/wp-content\/uploads\/2020\/02\/Leclerc-Voyage.png&#8221; url=&#8221;https:\/\/www.leclercvoyages.com\/&#8221; \/][\/et_pb_column][et_pb_column type=&#8221;1_3&#8243;][et_pb_image admin_label=&#8221;Logo Ossur&#8221; _builder_version=&#8221;3.11&#8243; src=&#8221;https:\/\/breizhwinners.com\/wp-content\/uploads\/2020\/02\/Ossur.png&#8221; url=&#8221;https:\/\/www.ossur.fr\/&#8221; \/][et_pb_image admin_label=&#8221;Logo La Maison des Travaux&#8221; _builder_version=&#8221;3.11&#8243; src=&#8221;https:\/\/breizhwinners.com\/wp-content\/uploads\/2020\/02\/la-maison-des-travaux-1.png&#8221; url=&#8221;https:\/\/www.facebook.com\/lamaisondestravauxlorient\/&#8221; \/][\/et_pb_column][\/et_pb_row][\/et_pb_section]<\/p>\n","protected":false},"excerpt":{"rendered":"<p>[et_pb_section bb_built=&#8221;1&#8243; admin_label=&#8221;Hero&#8221; _builder_version=&#8221;3.11&#8243; background_color_gradient_start=&#8221;#9e56f9&#8243; background_color_gradient_end=&#8221;#308cff&#8221; background_color_gradient_direction=&#8221;137deg&#8221; module_alignment=&#8221;center&#8221; custom_padding=&#8221;||0px|&#8221; bottom_divider_style=&#8221;slant&#8221; bottom_divider_color=&#8221;#ffffff&#8221; bottom_divider_height=&#8221;40px&#8221; bottom_divider_flip=&#8221;horizontal&#8221; next_background_color=&#8221;#000000&#8243; background_position=&#8221;top_center&#8221; parallax=&#8221;on&#8221;][et_pb_row _builder_version=&#8221;3.11&#8243; background_size=&#8221;initial&#8221; background_position=&#8221;top_left&#8221; background_repeat=&#8221;repeat&#8221;][et_pb_column type=&#8221;4_4&#8243;][et_pb_image _builder_version=&#8221;3.11&#8243; src=&#8221;https:\/\/breizhwinners.com\/wp-content\/uploads\/2019\/12\/Copie-de-Journ\u00e9e-Multisports-banni\u00e8re-Hello-Asso.png&#8221; \/][\/et_pb_column][\/et_pb_row][\/et_pb_section][et_pb_section bb_built=&#8221;1&#8243; admin_label=&#8221;About&#8221; _builder_version=&#8221;3.0.105&#8243; custom_padding=&#8221;5px||90px||false|false&#8221; prev_background_color=&#8221;#000000&#8243; next_background_color=&#8221;#000000&#8243;][et_pb_row custom_padding=&#8221;|||&#8221; custom_margin=&#8221;|||&#8221; _builder_version=&#8221;3.0.105&#8243;][et_pb_column type=&#8221;4_4&#8243;][et_pb_text admin_label=&#8221;Subtitle&#8221; _builder_version=&#8221;3.11&#8243; text_font=&#8221;Montserrat|500||on|||||&#8221; text_text_color=&#8221;rgba(0,0,0,0.25)&#8221; text_orientation=&#8221;center&#8221; animation_style=&#8221;fade&#8221;] Nouveaut\u00e9 2019 [\/et_pb_text][et_pb_text admin_label=&#8221;Title&#8221; _builder_version=&#8221;3.11&#8243; text_font=&#8221;Montserrat|300|||||||&#8221; text_font_size=&#8221;20px&#8221; text_line_height=&#8221;1.8em&#8221; header_2_font=&#8221;Montserrat|500|||||||&#8221; header_2_text_align=&#8221;center&#8221; header_2_font_size=&#8221;30px&#8221; header_2_line_height=&#8221;1.4em&#8221; text_orientation=&#8221;center&#8221; max_width=&#8221;700px&#8221; module_alignment=&#8221;center&#8221; [&hellip;]<\/p>\n","protected":false},"author":3,"featured_media":0,"parent":0,"menu_order":0,"comment_status":"closed","ping_status":"closed","template":"","meta":[],"_links":{"self":[{"href":"https:\/\/breizhwinners.com\/index.php\/wp-json\/wp\/v2\/pages\/799"}],"collection":[{"href":"https:\/\/breizhwinners.com\/index.php\/wp-json\/wp\/v2\/pages"}],"about":[{"href":"https:\/\/breizhwinners.com\/index.php\/wp-json\/wp\/v2\/types\/page"}],"author":[{"embeddable":true,"href":"https:\/\/breizhwinners.com\/index.php\/wp-json\/wp\/v2\/users\/3"}],"replies":[{"embeddable":true,"href":"https:\/\/breizhwinners.com\/index.php\/wp-json\/wp\/v2\/comments?post=799"}],"version-history":[{"count":27,"href":"https:\/\/breizhwinners.com\/index.php\/wp-json\/wp\/v2\/pages\/799\/revisions"}],"predecessor-version":[{"id":870,"href":"https:\/\/breizhwinners.com\/index.php\/wp-json\/wp\/v2\/pages\/799\/revisions\/870"}],"wp:attachment":[{"href":"https:\/\/breizhwinners.com\/index.php\/wp-json\/wp\/v2\/media?parent=799"}],"curies":[{"name":"wp","href":"https:\/\/api.w.org\/{rel}","templated":true}]}}